{"id":1890,"date":"2021-10-07T16:08:19","date_gmt":"2021-10-07T20:08:19","guid":{"rendered":"https:\/\/duosondev.adnhosting.ca\/?page_id=1890"},"modified":"2025-01-27T12:55:37","modified_gmt":"2025-01-27T17:55:37","slug":"events","status":"publish","type":"page","link":"https:\/\/duoson.com\/en\/events\/","title":{"rendered":"Events"},"content":{"rendered":"\t\t<div data-elementor-type=\"wp-page\" data-elementor-id=\"1890\" class=\"elementor elementor-1890 elementor-479\" data-elementor-post-type=\"page\">\n\t\t\t\t\t\t<section class=\"elementor-section elementor-top-section elementor-element elementor-element-1139836b elementor-section-height-min-height elementor-section-items-bottom elementor-section-content-bottom elementor-section-full_width elementor-section-height-default\" data-id=\"1139836b\" data-element_type=\"section\" data-e-type=\"section\" data-settings=\"{&quot;background_background&quot;:&quot;classic&quot;}\">\n\t\t\t\t\t\t\t<div class=\"elementor-background-overlay\"><\/div>\n\t\t\t\t\t\t\t<div class=\"elementor-container elementor-column-gap-no\">\n\t\t\t\t\t<div class=\"elementor-column elementor-col-100 elementor-top-column elementor-element elementor-element-4c069e76\" data-id=\"4c069e76\" data-element_type=\"column\" data-e-type=\"column\" data-settings=\"{&quot;background_background&quot;:&quot;slideshow&quot;,&quot;background_slideshow_gallery&quot;:[],&quot;background_slideshow_loop&quot;:&quot;yes&quot;,&quot;background_slideshow_slide_duration&quot;:5000,&quot;background_slideshow_slide_transition&quot;:&quot;fade&quot;,&quot;background_slideshow_transition_duration&quot;:500}\">\n\t\t\t<div class=\"elementor-widget-wrap elementor-element-populated\">\n\t\t\t\t\t\t<div class=\"elementor-element elementor-element-640a768a spin elementor-absolute elementor-hidden-tablet elementor-hidden-phone elementor-view-default elementor-widget elementor-widget-icon\" data-id=\"640a768a\" data-element_type=\"widget\" data-e-type=\"widget\" data-settings=\"{&quot;_position&quot;:&quot;absolute&quot;}\" data-widget_type=\"icon.default\">\n\t\t\t\t<div class=\"elementor-widget-container\">\n\t\t\t\t\t\t\t<div class=\"elementor-icon-wrapper\">\n\t\t\t<div class=\"elementor-icon\">\n\t\t\t<svg xmlns=\"http:\/\/www.w3.org\/2000\/svg\" width=\"452\" height=\"452\" viewBox=\"0 0 452 452\" role=\"img\" aria-labelledby=\"svg-title-1782\"><title id=\"svg-title-1782\">points<\/title><g id=\"Ellipse_5\" data-name=\"Ellipse 5\" transform=\"translate(0 452) rotate(-90)\" fill=\"none\" stroke=\"#e50a19\" stroke-width=\"4\" stroke-dasharray=\"4 10\"><circle cx=\"226\" cy=\"226\" r=\"226\" stroke=\"none\"><\/circle><circle cx=\"226\" cy=\"226\" r=\"224\" fill=\"none\"><\/circle><\/g><\/svg>\t\t\t<\/div>\n\t\t<\/div>\n\t\t\t\t\t\t<\/div>\n\t\t\t\t<\/div>\n\t\t\t\t\t<\/div>\n\t\t<\/div>\n\t\t\t\t\t<\/div>\n\t\t<\/section>\n\t\t\t\t<section class=\"elementor-section elementor-top-section elementor-element elementor-element-5d839970 elementor-section-height-min-height elementor-section-boxed elementor-section-height-default elementor-section-items-middle\" data-id=\"5d839970\" data-element_type=\"section\" data-e-type=\"section\" data-settings=\"{&quot;background_background&quot;:&quot;classic&quot;,&quot;animation&quot;:&quot;none&quot;}\">\n\t\t\t\t\t\t<div class=\"elementor-container elementor-column-gap-no\">\n\t\t\t\t\t<div class=\"elementor-column elementor-col-100 elementor-top-column elementor-element elementor-element-12c54565\" data-id=\"12c54565\" data-element_type=\"column\" data-e-type=\"column\">\n\t\t\t<div class=\"elementor-widget-wrap elementor-element-populated\">\n\t\t\t\t\t\t<div class=\"elementor-element elementor-element-192d255 elementor-view-default elementor-invisible elementor-widget elementor-widget-icon\" data-id=\"192d255\" data-element_type=\"widget\" data-e-type=\"widget\" data-settings=\"{&quot;_animation&quot;:&quot;fadeInUp&quot;,&quot;_animation_delay&quot;:250}\" data-widget_type=\"icon.default\">\n\t\t\t\t<div class=\"elementor-widget-container\">\n\t\t\t\t\t\t\t<div class=\"elementor-icon-wrapper\">\n\t\t\t<div class=\"elementor-icon\">\n\t\t\t<svg xmlns=\"http:\/\/www.w3.org\/2000\/svg\" width=\"154\" height=\"154\" viewBox=\"0 0 154 154\" role=\"img\" aria-labelledby=\"svg-title-1783 svg-desc-1783\"><title id=\"svg-title-1783\">\u00c9v\u00e9nements &#8211; Duoson Multimedia, Services Audiovisuels \u00c9v\u00e9nementiels<\/title><desc id=\"svg-desc-1783\">\u00c9v\u00e9nements - Duoson Multimedia, Services Audiovisuels \u00c9v\u00e9nementiels<\/desc><g id=\"Groupe_113\" data-name=\"Groupe 113\" transform=\"translate(-278 -1212)\"><g id=\"Ellipse_12\" data-name=\"Ellipse 12\" transform=\"translate(278 1212)\" fill=\"#fff\" stroke=\"#1e1e1e\" stroke-width=\"3\"><circle cx=\"77\" cy=\"77\" r=\"77\" stroke=\"none\"><\/circle><circle cx=\"77\" cy=\"77\" r=\"75.5\" fill=\"none\"><\/circle><\/g><g id=\"noun_Calendar_2689916\" transform=\"translate(264.859 1199.759)\"><g id=\"Groupe_36\" data-name=\"Groupe 36\" transform=\"translate(62.011 62.011)\"><g id=\"Groupe_30\" data-name=\"Groupe 30\"><g id=\"Groupe_21\" data-name=\"Groupe 21\" transform=\"translate(0.015 13.483)\"><path id=\"Trac&#xE9;_28\" data-name=\"Trac&#xE9; 28\" d=\"M120.383,158.722H66.261a1.061,1.061,0,1,1,0-2.122h54.122a1.061,1.061,0,1,1,0,2.122Z\" transform=\"translate(-65.2 -156.6)\" fill=\"#ea212d\"><\/path><\/g><g id=\"Groupe_22\" data-name=\"Groupe 22\" transform=\"translate(13.755 19.332)\"><path id=\"Trac&#xE9;_29\" data-name=\"Trac&#xE9; 29\" d=\"M181.048,223.722a1.03,1.03,0,0,1-.457-.1l-7.765-3.654-7.765,3.654a1.047,1.047,0,0,1-1.076-.1,1.065,1.065,0,0,1-.427-.987l1.076-8.517-5.894-6.262a1.075,1.075,0,0,1-.236-1.061,1.023,1.023,0,0,1,.81-.707l8.443-1.606,4.141-7.53a1.063,1.063,0,0,1,1.857,0l4.141,7.53,8.443,1.606a1.047,1.047,0,0,1,.81.707,1.083,1.083,0,0,1-.236,1.061l-5.879,6.262,1.076,8.517a1.065,1.065,0,0,1-.427.987A1.019,1.019,0,0,1,181.048,223.722Zm-8.222-5.982a1.03,1.03,0,0,1,.457.1l6.483,3.05-.9-7.1a1.017,1.017,0,0,1,.28-.855l4.907-5.216-7.029-1.341a1.085,1.085,0,0,1-.737-.53l-3.463-6.292-3.448,6.277a1.054,1.054,0,0,1-.737.53l-7.029,1.341,4.907,5.216a1.032,1.032,0,0,1,.28.855l-.9,7.1,6.483-3.05A1.127,1.127,0,0,1,172.826,217.739Z\" transform=\"translate(-158.452 -196.3)\" fill=\"#ea212d\"><\/path><\/g><g id=\"Groupe_29\" data-name=\"Groupe 29\"><g id=\"Groupe_23\" data-name=\"Groupe 23\" transform=\"translate(0 3.492)\"><path id=\"Trac&#xE9;_30\" data-name=\"Trac&#xE9; 30\" d=\"M117,141.566H69.462A4.371,4.371,0,0,1,65.1,137.2V93.162A4.371,4.371,0,0,1,69.462,88.8H117a4.371,4.371,0,0,1,4.362,4.362V137.2A4.371,4.371,0,0,1,117,141.566ZM69.462,90.922a2.239,2.239,0,0,0-2.24,2.24V137.2a2.239,2.239,0,0,0,2.24,2.24H117a2.239,2.239,0,0,0,2.24-2.24V93.162a2.239,2.239,0,0,0-2.24-2.24Z\" transform=\"translate(-65.1 -88.8)\" fill=\"#ea212d\"><\/path><\/g><g id=\"Groupe_28\" data-name=\"Groupe 28\" transform=\"translate(7.014)\"><g id=\"Groupe_24\" data-name=\"Groupe 24\"><path id=\"Trac&#xE9;_31\" data-name=\"Trac&#xE9; 31\" d=\"M118.565,74.928a1.057,1.057,0,0,1-1.061-1.061v-5.3a1.341,1.341,0,0,0-2.682,0v1.09a1.061,1.061,0,1,1-2.122,0v-1.09a3.463,3.463,0,0,1,6.925,0v5.319A1.053,1.053,0,0,1,118.565,74.928Z\" transform=\"translate(-112.7 -65.1)\" fill=\"#ea212d\"><\/path><\/g><g id=\"Groupe_25\" data-name=\"Groupe 25\" transform=\"translate(11.759)\"><path id=\"Trac&#xE9;_32\" data-name=\"Trac&#xE9; 32\" d=\"M198.365,74.928a1.057,1.057,0,0,1-1.061-1.061v-5.3a1.341,1.341,0,0,0-2.682,0v1.09a1.061,1.061,0,1,1-2.122,0v-1.09a3.463,3.463,0,1,1,6.925,0v5.319A1.053,1.053,0,0,1,198.365,74.928Z\" transform=\"translate(-192.5 -65.1)\" fill=\"#ea212d\"><\/path><\/g><g id=\"Groupe_26\" data-name=\"Groupe 26\" transform=\"translate(23.532)\"><path id=\"Trac&#xE9;_33\" data-name=\"Trac&#xE9; 33\" d=\"M278.265,74.928a1.057,1.057,0,0,1-1.061-1.061v-5.3a1.341,1.341,0,0,0-2.682,0v1.09a1.061,1.061,0,1,1-2.122,0v-1.09a3.463,3.463,0,0,1,6.925,0v5.319A1.063,1.063,0,0,1,278.265,74.928Z\" transform=\"translate(-272.4 -65.1)\" fill=\"#ea212d\"><\/path><\/g><g id=\"Groupe_27\" data-name=\"Groupe 27\" transform=\"translate(35.29)\"><path id=\"Trac&#xE9;_34\" data-name=\"Trac&#xE9; 34\" d=\"M358.064,74.928A1.057,1.057,0,0,1,357,73.867v-5.3a1.341,1.341,0,1,0-2.682,0v1.09a1.061,1.061,0,1,1-2.122,0v-1.09a3.463,3.463,0,1,1,6.925,0v5.319A1.053,1.053,0,0,1,358.064,74.928Z\" transform=\"translate(-352.2 -65.1)\" fill=\"#ea212d\"><\/path><\/g><\/g><\/g><\/g><g id=\"Groupe_35\" data-name=\"Groupe 35\" transform=\"translate(5.644 17.063)\"><g id=\"Groupe_31\" data-name=\"Groupe 31\" transform=\"translate(3.08)\"><path id=\"Trac&#xE9;_35\" data-name=\"Trac&#xE9; 35\" d=\"M125.361,184.407a1.057,1.057,0,0,1-1.061-1.061v-1.385a1.061,1.061,0,0,1,2.122,0v1.385A1.057,1.057,0,0,1,125.361,184.407Z\" transform=\"translate(-124.3 -180.9)\" fill=\"#ea212d\"><\/path><\/g><g id=\"Groupe_32\" data-name=\"Groupe 32\" transform=\"translate(3.08 4.789)\"><path id=\"Trac&#xE9;_36\" data-name=\"Trac&#xE9; 36\" d=\"M125.361,216.907a1.056,1.056,0,0,1-1.061-1.061v-1.385a1.061,1.061,0,0,1,2.122,0v1.385A1.056,1.056,0,0,1,125.361,216.907Z\" transform=\"translate(-124.3 -213.4)\" fill=\"#ea212d\"><\/path><\/g><g id=\"Groupe_33\" data-name=\"Groupe 33\" transform=\"translate(4.789 3.094)\"><path id=\"Trac&#xE9;_37\" data-name=\"Trac&#xE9; 37\" d=\"M138.346,204.022h-1.385a1.061,1.061,0,0,1,0-2.122h1.385a1.061,1.061,0,0,1,0,2.122Z\" transform=\"translate(-135.9 -201.9)\" fill=\"#ea212d\"><\/path><\/g><g id=\"Groupe_34\" data-name=\"Groupe 34\" transform=\"translate(0 3.094)\"><path id=\"Trac&#xE9;_38\" data-name=\"Trac&#xE9; 38\" d=\"M105.846,204.022h-1.385a1.061,1.061,0,0,1,0-2.122h1.385a1.061,1.061,0,0,1,0,2.122Z\" transform=\"translate(-103.4 -201.9)\" fill=\"#ea212d\"><\/path><\/g><\/g><\/g><\/g><\/g><\/svg>\t\t\t<\/div>\n\t\t<\/div>\n\t\t\t\t\t\t<\/div>\n\t\t\t\t<\/div>\n\t\t\t\t<div class=\"elementor-element elementor-element-18c6f70d elementor-invisible elementor-widget elementor-widget-text-editor\" data-id=\"18c6f70d\" data-element_type=\"widget\" data-e-type=\"widget\" data-settings=\"{&quot;_animation&quot;:&quot;fadeInUp&quot;,&quot;_animation_delay&quot;:500}\" data-widget_type=\"text-editor.default\">\n\t\t\t\t<div class=\"elementor-widget-container\">\n\t\t\t\t\t\t\t\t\t<h5 style=\"text-align: center;\"><span style=\"color: #e50a19;\">The attention paid to the details and <b>planning<\/b> of your event will determine <b>its success<\/b>. Whether it is for an international congress, a virtual symposium, a business meeting, a multilingual event or a press conference, at <b>Duoson Multimedia<\/b>, we are committed to putting <b>our expertise<\/b> to work in the organization and execution of your event. <\/span><\/h5>\t\t\t\t\t\t\t\t<\/div>\n\t\t\t\t<\/div>\n\t\t\t\t\t<\/div>\n\t\t<\/div>\n\t\t\t\t\t<\/div>\n\t\t<\/section>\n\t\t\t\t<section class=\"elementor-section elementor-top-section elementor-element elementor-element-ab0d463 elementor-section-full_width elementor-section-content-middle elementor-section-height-default elementor-section-height-default\" data-id=\"ab0d463\" data-element_type=\"section\" data-e-type=\"section\" data-settings=\"{&quot;background_background&quot;:&quot;classic&quot;,&quot;animation&quot;:&quot;none&quot;}\">\n\t\t\t\t\t\t\t<div class=\"elementor-background-overlay\"><\/div>\n\t\t\t\t\t\t\t<div class=\"elementor-container elementor-column-gap-no\">\n\t\t\t\t\t<div class=\"elementor-column elementor-col-50 elementor-top-column elementor-element elementor-element-b8aea04 elementor-hidden-mobile\" data-id=\"b8aea04\" data-element_type=\"column\" data-e-type=\"column\" data-settings=\"{&quot;background_background&quot;:&quot;classic&quot;}\">\n\t\t\t<div class=\"elementor-widget-wrap\">\n\t\t\t\t\t\t\t<\/div>\n\t\t<\/div>\n\t\t\t\t<div class=\"elementor-column elementor-col-50 elementor-top-column elementor-element elementor-element-7f9f992\" data-id=\"7f9f992\" data-element_type=\"column\" data-e-type=\"column\">\n\t\t\t<div class=\"elementor-widget-wrap elementor-element-populated\">\n\t\t\t\t\t\t<div class=\"elementor-element elementor-element-661e027 elementor-widget elementor-widget-text-editor\" data-id=\"661e027\" data-element_type=\"widget\" data-e-type=\"widget\" data-widget_type=\"text-editor.default\">\n\t\t\t\t<div class=\"elementor-widget-container\">\n\t\t\t\t\t\t\t\t\t<p><strong>Our experienced team<\/strong> will assist you throughout the process, from the choice of the venue to the planning of the schedule, through the creation of room plans or the management of the technical teams.<\/p><p>An effective presentation involves a host of small details. We understand that each one is of paramount importance.<\/p><p>Since 1981, the team at <strong>Duoson Multimedia<\/strong> has become a <strong>leader in the management<\/strong> of the numerous logistical aspects surrounding the audiovisual support of events. Whatever the size of the mandate, our supervision is <strong>always\u00a0 thorough and competent<\/strong>. Every stage of the schedule and every piece of equipment are carefully monitored so as to leave nothing to chance. Your peace of mind is an integral part of the product we deliver.<\/p>\t\t\t\t\t\t\t\t<\/div>\n\t\t\t\t<\/div>\n\t\t\t\t\t<\/div>\n\t\t<\/div>\n\t\t\t\t\t<\/div>\n\t\t<\/section>\n\t\t\t\t<\/div>\n\t\t","protected":false},"excerpt":{"rendered":"<p>The attention paid to the details and planning of your event will determine its success. Whether it is for an international congress, a virtual symposium, a business meeting, a multilingual event or a press conference, at Duoson Multimedia, we are committed to putting our expertise to work in the organization and execution of your event. [&hellip;]<\/p>\n","protected":false},"author":1,"featured_media":0,"parent":0,"menu_order":0,"comment_status":"closed","ping_status":"closed","template":"","meta":{"site-sidebar-layout":"no-sidebar","site-content-layout":"page-builder","ast-site-content-layout":"default","site-content-style":"default","site-sidebar-style":"default","ast-global-header-display":"","ast-banner-title-visibility":"","ast-main-header-display":"disabled","ast-hfb-above-header-display":"","ast-hfb-below-header-display":"","ast-hfb-mobile-header-display":"disabled","site-post-title":"disabled","ast-breadcrumbs-content":"disabled","ast-featured-img":"disabled","footer-sml-layout":"disabled","ast-disable-related-posts":"","theme-transparent-header-meta":"default","adv-header-id-meta":"","stick-header-meta":"","header-above-stick-meta":"","header-main-stick-meta":"","header-below-stick-meta":"","astra-migrate-meta-layouts":"default","ast-page-background-enabled":"default","ast-page-background-meta":{"desktop":{"background-color":"","background-image":"","background-repeat":"repeat","background-position":"center center","background-size":"auto","background-attachment":"scroll","background-type":"","background-media":"","overlay-type":"","overlay-color":"","overlay-opacity":"","overlay-gradient":""},"tablet":{"background-color":"","background-image":"","background-repeat":"repeat","background-position":"center center","background-size":"auto","background-attachment":"scroll","background-type":"","background-media":"","overlay-type":"","overlay-color":"","overlay-opacity":"","overlay-gradient":""},"mobile":{"background-color":"","background-image":"","background-repeat":"repeat","background-position":"center center","background-size":"auto","background-attachment":"scroll","background-type":"","background-media":"","overlay-type":"","overlay-color":"","overlay-opacity":"","overlay-gradient":""}},"ast-content-background-meta":{"desktop":{"background-color":"var(--ast-global-color-5)","background-image":"","background-repeat":"repeat","background-position":"center center","background-size":"auto","background-attachment":"scroll","background-type":"","background-media":"","overlay-type":"","overlay-color":"","overlay-opacity":"","overlay-gradient":""},"tablet":{"background-color":"var(--ast-global-color-5)","background-image":"","background-repeat":"repeat","background-position":"center center","background-size":"auto","background-attachment":"scroll","background-type":"","background-media":"","overlay-type":"","overlay-color":"","overlay-opacity":"","overlay-gradient":""},"mobile":{"background-color":"var(--ast-global-color-5)","background-image":"","background-repeat":"repeat","background-position":"center center","background-size":"auto","background-attachment":"scroll","background-type":"","background-media":"","overlay-type":"","overlay-color":"","overlay-opacity":"","overlay-gradient":""}},"footnotes":""},"class_list":["post-1890","page","type-page","status-publish","hentry"],"yoast_head":"<!-- This site is optimized with the Yoast SEO plugin v27.4 - https:\/\/yoast.com\/product\/yoast-seo-wordpress\/ -->\n<title>Events - Duoson Multimedia, Audiovisual &amp; Event Services<\/title>\n<meta name=\"description\" content=\"For an international congress, a virtual symposium, a business meeting, a multilingual event or a press conference, contact Duoson Multimedia.\" \/>\n<meta name=\"robots\" content=\"index, follow, max-snippet:-1, max-image-preview:large, max-video-preview:-1\" \/>\n<link rel=\"canonical\" href=\"https:\/\/duoson.com\/en\/events\/\" \/>\n<meta property=\"og:locale\" content=\"en_US\" \/>\n<meta property=\"og:type\" content=\"article\" \/>\n<meta property=\"og:title\" content=\"Events - Duoson Multimedia, Audiovisual &amp; Event Services\" \/>\n<meta property=\"og:description\" content=\"For an international congress, a virtual symposium, a business meeting, a multilingual event or a press conference, contact Duoson Multimedia.\" \/>\n<meta property=\"og:url\" content=\"https:\/\/duoson.com\/en\/events\/\" \/>\n<meta property=\"og:site_name\" content=\"Duoson Multimedia\" \/>\n<meta property=\"article:modified_time\" content=\"2025-01-27T17:55:37+00:00\" \/>\n<meta property=\"og:image\" content=\"https:\/\/duoson.com\/wp-content\/uploads\/2021\/10\/Duoson-Multimedia-logo.jpg\" \/>\n\t<meta property=\"og:image:width\" content=\"1200\" \/>\n\t<meta property=\"og:image:height\" content=\"630\" \/>\n\t<meta property=\"og:image:type\" content=\"image\/jpeg\" \/>\n<meta name=\"twitter:card\" content=\"summary_large_image\" \/>\n<meta name=\"twitter:label1\" content=\"Est. reading time\" \/>\n\t<meta name=\"twitter:data1\" content=\"1 minute\" \/>\n<script type=\"application\/ld+json\" class=\"yoast-schema-graph\">{\"@context\":\"https:\\\/\\\/schema.org\",\"@graph\":[{\"@type\":\"WebPage\",\"@id\":\"https:\\\/\\\/duoson.com\\\/en\\\/events\\\/\",\"url\":\"https:\\\/\\\/duoson.com\\\/en\\\/events\\\/\",\"name\":\"Events - Duoson Multimedia, Audiovisual & Event Services\",\"isPartOf\":{\"@id\":\"https:\\\/\\\/duoson.com\\\/en\\\/#website\"},\"datePublished\":\"2021-10-07T20:08:19+00:00\",\"dateModified\":\"2025-01-27T17:55:37+00:00\",\"description\":\"For an international congress, a virtual symposium, a business meeting, a multilingual event or a press conference, contact Duoson Multimedia.\",\"breadcrumb\":{\"@id\":\"https:\\\/\\\/duoson.com\\\/en\\\/events\\\/#breadcrumb\"},\"inLanguage\":\"en-US\",\"potentialAction\":[{\"@type\":\"ReadAction\",\"target\":[\"https:\\\/\\\/duoson.com\\\/en\\\/events\\\/\"]}]},{\"@type\":\"BreadcrumbList\",\"@id\":\"https:\\\/\\\/duoson.com\\\/en\\\/events\\\/#breadcrumb\",\"itemListElement\":[{\"@type\":\"ListItem\",\"position\":1,\"name\":\"Accueil\",\"item\":\"https:\\\/\\\/duoson.com\\\/en\\\/\"},{\"@type\":\"ListItem\",\"position\":2,\"name\":\"Events\"}]},{\"@type\":\"WebSite\",\"@id\":\"https:\\\/\\\/duoson.com\\\/en\\\/#website\",\"url\":\"https:\\\/\\\/duoson.com\\\/en\\\/\",\"name\":\"Duoson Multimedia\",\"description\":\"Services audiovisuels \u00e9v\u00e9nementiels et interpr\u00e9tation simultan\u00e9e\",\"publisher\":{\"@id\":\"https:\\\/\\\/duoson.com\\\/en\\\/#organization\"},\"potentialAction\":[{\"@type\":\"SearchAction\",\"target\":{\"@type\":\"EntryPoint\",\"urlTemplate\":\"https:\\\/\\\/duoson.com\\\/en\\\/?s={search_term_string}\"},\"query-input\":{\"@type\":\"PropertyValueSpecification\",\"valueRequired\":true,\"valueName\":\"search_term_string\"}}],\"inLanguage\":\"en-US\"},{\"@type\":\"Organization\",\"@id\":\"https:\\\/\\\/duoson.com\\\/en\\\/#organization\",\"name\":\"Duoson Multimedia\",\"url\":\"https:\\\/\\\/duoson.com\\\/en\\\/\",\"logo\":{\"@type\":\"ImageObject\",\"inLanguage\":\"en-US\",\"@id\":\"https:\\\/\\\/duoson.com\\\/en\\\/#\\\/schema\\\/logo\\\/image\\\/\",\"url\":\"https:\\\/\\\/duoson.com\\\/wp-content\\\/uploads\\\/2021\\\/04\\\/logo-duoson.png\",\"contentUrl\":\"https:\\\/\\\/duoson.com\\\/wp-content\\\/uploads\\\/2021\\\/04\\\/logo-duoson.png\",\"width\":276,\"height\":79,\"caption\":\"Duoson Multimedia\"},\"image\":{\"@id\":\"https:\\\/\\\/duoson.com\\\/en\\\/#\\\/schema\\\/logo\\\/image\\\/\"}}]}<\/script>\n<!-- \/ Yoast SEO plugin. -->","yoast_head_json":{"title":"Events - Duoson Multimedia, Audiovisual & Event Services","description":"For an international congress, a virtual symposium, a business meeting, a multilingual event or a press conference, contact Duoson Multimedia.","robots":{"index":"index","follow":"follow","max-snippet":"max-snippet:-1","max-image-preview":"max-image-preview:large","max-video-preview":"max-video-preview:-1"},"canonical":"https:\/\/duoson.com\/en\/events\/","og_locale":"en_US","og_type":"article","og_title":"Events - Duoson Multimedia, Audiovisual & Event Services","og_description":"For an international congress, a virtual symposium, a business meeting, a multilingual event or a press conference, contact Duoson Multimedia.","og_url":"https:\/\/duoson.com\/en\/events\/","og_site_name":"Duoson Multimedia","article_modified_time":"2025-01-27T17:55:37+00:00","og_image":[{"width":1200,"height":630,"url":"https:\/\/duoson.com\/wp-content\/uploads\/2021\/10\/Duoson-Multimedia-logo.jpg","type":"image\/jpeg"}],"twitter_card":"summary_large_image","twitter_misc":{"Est. reading time":"1 minute"},"schema":{"@context":"https:\/\/schema.org","@graph":[{"@type":"WebPage","@id":"https:\/\/duoson.com\/en\/events\/","url":"https:\/\/duoson.com\/en\/events\/","name":"Events - Duoson Multimedia, Audiovisual & Event Services","isPartOf":{"@id":"https:\/\/duoson.com\/en\/#website"},"datePublished":"2021-10-07T20:08:19+00:00","dateModified":"2025-01-27T17:55:37+00:00","description":"For an international congress, a virtual symposium, a business meeting, a multilingual event or a press conference, contact Duoson Multimedia.","breadcrumb":{"@id":"https:\/\/duoson.com\/en\/events\/#breadcrumb"},"inLanguage":"en-US","potentialAction":[{"@type":"ReadAction","target":["https:\/\/duoson.com\/en\/events\/"]}]},{"@type":"BreadcrumbList","@id":"https:\/\/duoson.com\/en\/events\/#breadcrumb","itemListElement":[{"@type":"ListItem","position":1,"name":"Accueil","item":"https:\/\/duoson.com\/en\/"},{"@type":"ListItem","position":2,"name":"Events"}]},{"@type":"WebSite","@id":"https:\/\/duoson.com\/en\/#website","url":"https:\/\/duoson.com\/en\/","name":"Duoson Multimedia","description":"Services audiovisuels \u00e9v\u00e9nementiels et interpr\u00e9tation simultan\u00e9e","publisher":{"@id":"https:\/\/duoson.com\/en\/#organization"},"potentialAction":[{"@type":"SearchAction","target":{"@type":"EntryPoint","urlTemplate":"https:\/\/duoson.com\/en\/?s={search_term_string}"},"query-input":{"@type":"PropertyValueSpecification","valueRequired":true,"valueName":"search_term_string"}}],"inLanguage":"en-US"},{"@type":"Organization","@id":"https:\/\/duoson.com\/en\/#organization","name":"Duoson Multimedia","url":"https:\/\/duoson.com\/en\/","logo":{"@type":"ImageObject","inLanguage":"en-US","@id":"https:\/\/duoson.com\/en\/#\/schema\/logo\/image\/","url":"https:\/\/duoson.com\/wp-content\/uploads\/2021\/04\/logo-duoson.png","contentUrl":"https:\/\/duoson.com\/wp-content\/uploads\/2021\/04\/logo-duoson.png","width":276,"height":79,"caption":"Duoson Multimedia"},"image":{"@id":"https:\/\/duoson.com\/en\/#\/schema\/logo\/image\/"}}]}},"_links":{"self":[{"href":"https:\/\/duoson.com\/en\/wp-json\/wp\/v2\/pages\/1890","targetHints":{"allow":["GET"]}}],"collection":[{"href":"https:\/\/duoson.com\/en\/wp-json\/wp\/v2\/pages"}],"about":[{"href":"https:\/\/duoson.com\/en\/wp-json\/wp\/v2\/types\/page"}],"author":[{"embeddable":true,"href":"https:\/\/duoson.com\/en\/wp-json\/wp\/v2\/users\/1"}],"replies":[{"embeddable":true,"href":"https:\/\/duoson.com\/en\/wp-json\/wp\/v2\/comments?post=1890"}],"version-history":[{"count":15,"href":"https:\/\/duoson.com\/en\/wp-json\/wp\/v2\/pages\/1890\/revisions"}],"predecessor-version":[{"id":3282,"href":"https:\/\/duoson.com\/en\/wp-json\/wp\/v2\/pages\/1890\/revisions\/3282"}],"wp:attachment":[{"href":"https:\/\/duoson.com\/en\/wp-json\/wp\/v2\/media?parent=1890"}],"curies":[{"name":"wp","href":"https:\/\/api.w.org\/{rel}","templated":true}]}}