{"id":1918,"date":"2021-10-07T16:31:07","date_gmt":"2021-10-07T20:31:07","guid":{"rendered":"https:\/\/duosondev.adnhosting.ca\/?page_id=1918"},"modified":"2021-10-29T11:43:59","modified_gmt":"2021-10-29T15:43:59","slug":"rentals","status":"publish","type":"page","link":"https:\/\/duoson.com\/en\/rentals\/","title":{"rendered":"Rentals"},"content":{"rendered":"\t\t<div data-elementor-type=\"wp-page\" data-elementor-id=\"1918\" class=\"elementor elementor-1918 elementor-699\" data-elementor-post-type=\"page\">\n\t\t\t\t\t\t<section class=\"elementor-section elementor-top-section elementor-element elementor-element-1139836b elementor-section-height-min-height elementor-section-items-bottom elementor-section-content-bottom elementor-section-full_width elementor-section-height-default\" data-id=\"1139836b\" data-element_type=\"section\" data-e-type=\"section\" data-settings=\"{&quot;background_background&quot;:&quot;classic&quot;}\">\n\t\t\t\t\t\t\t<div class=\"elementor-background-overlay\"><\/div>\n\t\t\t\t\t\t\t<div class=\"elementor-container elementor-column-gap-no\">\n\t\t\t\t\t<div class=\"elementor-column elementor-col-100 elementor-top-column elementor-element elementor-element-4c069e76\" data-id=\"4c069e76\" data-element_type=\"column\" data-e-type=\"column\" data-settings=\"{&quot;background_background&quot;:&quot;slideshow&quot;,&quot;background_slideshow_gallery&quot;:[],&quot;background_slideshow_loop&quot;:&quot;yes&quot;,&quot;background_slideshow_slide_duration&quot;:5000,&quot;background_slideshow_slide_transition&quot;:&quot;fade&quot;,&quot;background_slideshow_transition_duration&quot;:500}\">\n\t\t\t<div class=\"elementor-widget-wrap elementor-element-populated\">\n\t\t\t\t\t\t<div class=\"elementor-element elementor-element-640a768a spin elementor-absolute elementor-hidden-tablet elementor-hidden-phone elementor-view-default elementor-widget elementor-widget-icon\" data-id=\"640a768a\" data-element_type=\"widget\" data-e-type=\"widget\" data-settings=\"{&quot;_position&quot;:&quot;absolute&quot;}\" data-widget_type=\"icon.default\">\n\t\t\t\t<div class=\"elementor-widget-container\">\n\t\t\t\t\t\t\t<div class=\"elementor-icon-wrapper\">\n\t\t\t<div class=\"elementor-icon\">\n\t\t\t<svg xmlns=\"http:\/\/www.w3.org\/2000\/svg\" width=\"452\" height=\"452\" viewBox=\"0 0 452 452\" role=\"img\" aria-labelledby=\"svg-title-1782\"><title id=\"svg-title-1782\">points<\/title><g id=\"Ellipse_5\" data-name=\"Ellipse 5\" transform=\"translate(0 452) rotate(-90)\" fill=\"none\" stroke=\"#e50a19\" stroke-width=\"4\" stroke-dasharray=\"4 10\"><circle cx=\"226\" cy=\"226\" r=\"226\" stroke=\"none\"><\/circle><circle cx=\"226\" cy=\"226\" r=\"224\" fill=\"none\"><\/circle><\/g><\/svg>\t\t\t<\/div>\n\t\t<\/div>\n\t\t\t\t\t\t<\/div>\n\t\t\t\t<\/div>\n\t\t\t\t\t<\/div>\n\t\t<\/div>\n\t\t\t\t\t<\/div>\n\t\t<\/section>\n\t\t\t\t<section class=\"elementor-section elementor-top-section elementor-element elementor-element-5d839970 elementor-section-height-min-height elementor-section-boxed elementor-section-height-default elementor-section-items-middle\" data-id=\"5d839970\" data-element_type=\"section\" data-e-type=\"section\" data-settings=\"{&quot;background_background&quot;:&quot;classic&quot;,&quot;animation&quot;:&quot;none&quot;}\">\n\t\t\t\t\t\t<div class=\"elementor-container elementor-column-gap-no\">\n\t\t\t\t\t<div class=\"elementor-column elementor-col-100 elementor-top-column elementor-element elementor-element-12c54565\" data-id=\"12c54565\" data-element_type=\"column\" data-e-type=\"column\">\n\t\t\t<div class=\"elementor-widget-wrap elementor-element-populated\">\n\t\t\t\t\t\t<div class=\"elementor-element elementor-element-192d255 elementor-view-default elementor-invisible elementor-widget elementor-widget-icon\" data-id=\"192d255\" data-element_type=\"widget\" data-e-type=\"widget\" data-settings=\"{&quot;_animation&quot;:&quot;fadeInUp&quot;,&quot;_animation_delay&quot;:250}\" data-widget_type=\"icon.default\">\n\t\t\t\t<div class=\"elementor-widget-container\">\n\t\t\t\t\t\t\t<div class=\"elementor-icon-wrapper\">\n\t\t\t<div class=\"elementor-icon\">\n\t\t\t<svg xmlns=\"http:\/\/www.w3.org\/2000\/svg\" width=\"154\" height=\"154\" viewBox=\"0 0 154 154\" role=\"img\" aria-labelledby=\"svg-title-1785 svg-desc-1785\"><title id=\"svg-title-1785\">Location &#8211; Duoson Multimedia, Services Audiovisuels \u00c9v\u00e9nementiels<\/title><desc id=\"svg-desc-1785\">Location - Duoson Multimedia, Services Audiovisuels \u00c9v\u00e9nementiels<\/desc><g id=\"Groupe_114\" data-name=\"Groupe 114\" transform=\"translate(-278 -1428)\"><g id=\"Ellipse_13\" data-name=\"Ellipse 13\" transform=\"translate(278 1428)\" fill=\"#fff\" stroke=\"#1e1e1e\" stroke-width=\"3\"><circle cx=\"77\" cy=\"77\" r=\"77\" stroke=\"none\"><\/circle><circle cx=\"77\" cy=\"77\" r=\"75.5\" fill=\"none\"><\/circle><\/g><g id=\"noun_Speaker_2689921\" transform=\"translate(1950 1401.9)\"><g id=\"Groupe_67\" data-name=\"Groupe 67\" transform=\"translate(-1691.632 8)\"><g id=\"Groupe_55\" data-name=\"Groupe 55\" transform=\"translate(77.78 65.1)\"><path id=\"Trac&#xE9;_52\" data-name=\"Trac&#xE9; 52\" d=\"M167.495,124.827h-31.35a3.649,3.649,0,0,1-3.645-3.645V68.745a3.649,3.649,0,0,1,3.645-3.645h31.35a3.649,3.649,0,0,1,3.645,3.645v52.422A3.652,3.652,0,0,1,167.495,124.827Zm-31.35-57.474a1.4,1.4,0,0,0-1.392,1.392v52.422a1.4,1.4,0,0,0,1.392,1.392h31.35a1.4,1.4,0,0,0,1.392-1.392V68.745a1.4,1.4,0,0,0-1.392-1.392Z\" transform=\"translate(-132.5 -65.1)\" fill=\"#e50a19\"><\/path><\/g><g id=\"Groupe_56\" data-name=\"Groupe 56\" transform=\"translate(83.255 90.49)\"><path id=\"Trac&#xE9;_53\" data-name=\"Trac&#xE9; 53\" d=\"M181.345,255.089a13.845,13.845,0,1,1,13.845-13.845A13.86,13.86,0,0,1,181.345,255.089Zm0-25.452a11.6,11.6,0,1,0,11.592,11.608A11.607,11.607,0,0,0,181.345,229.637Z\" transform=\"translate(-167.5 -227.4)\" fill=\"#e50a19\"><\/path><\/g><g id=\"Groupe_57\" data-name=\"Groupe 57\" transform=\"translate(89.2 70.419)\"><path id=\"Trac&#xE9;_54\" data-name=\"Trac&#xE9; 54\" d=\"M213.4,114.9a7.9,7.9,0,1,1,7.9-7.9A7.908,7.908,0,0,1,213.4,114.9Zm0-13.563a5.647,5.647,0,1,0,5.647,5.647A5.655,5.655,0,0,0,213.4,101.337Z\" transform=\"translate(-205.5 -99.1)\" fill=\"#e50a19\"><\/path><\/g><g id=\"Groupe_58\" data-name=\"Groupe 58\" transform=\"translate(89.2 96.418)\"><path id=\"Trac&#xE9;_55\" data-name=\"Trac&#xE9; 55\" d=\"M213.4,281.1a7.9,7.9,0,1,1,7.9-7.9A7.908,7.908,0,0,1,213.4,281.1Zm0-13.547a5.647,5.647,0,1,0,5.647,5.647A5.655,5.655,0,0,0,213.4,267.553Z\" transform=\"translate(-205.5 -265.3)\" fill=\"#e50a19\"><\/path><\/g><g id=\"Groupe_61\" data-name=\"Groupe 61\" transform=\"translate(67.632 77.088)\"><g id=\"Groupe_59\" data-name=\"Groupe 59\" transform=\"translate(0.016 0)\"><path id=\"Trac&#xE9;_56\" data-name=\"Trac&#xE9; 56\" d=\"M75.048,147.734a1.074,1.074,0,0,1-.579-.156l-6.195-3.754a1.127,1.127,0,1,1,1.173-1.924l6.195,3.754a1.123,1.123,0,0,1,.375,1.549A1.191,1.191,0,0,1,75.048,147.734Z\" transform=\"translate(-67.732 -141.732)\" fill=\"#e50a19\"><\/path><\/g><g id=\"Groupe_60\" data-name=\"Groupe 60\" transform=\"translate(0 29.738)\"><path id=\"Trac&#xE9;_57\" data-name=\"Trac&#xE9; 57\" d=\"M68.769,337.85a1.132,1.132,0,0,1-.594-2.1L74.37,332a1.127,1.127,0,0,1,1.173,1.924l-6.195,3.755A1,1,0,0,1,68.769,337.85Z\" transform=\"translate(-67.632 -331.832)\" fill=\"#e50a19\"><\/path><\/g><\/g><g id=\"Groupe_62\" data-name=\"Groupe 62\" transform=\"translate(67.643 93.837)\"><path id=\"Trac&#xE9;_58\" data-name=\"Trac&#xE9; 58\" d=\"M75.021,251.053H68.826a1.126,1.126,0,1,1,0-2.253h6.195a1.126,1.126,0,1,1,0,2.253Z\" transform=\"translate(-67.7 -248.8)\" fill=\"#e50a19\"><\/path><\/g><g id=\"Groupe_65\" data-name=\"Groupe 65\" transform=\"translate(118.098 77.072)\"><g id=\"Groupe_63\" data-name=\"Groupe 63\" transform=\"translate(0 0)\"><path id=\"Trac&#xE9;_59\" data-name=\"Trac&#xE9; 59\" d=\"M391.369,147.65a1.132,1.132,0,0,1-.594-2.1l6.195-3.754a1.127,1.127,0,0,1,1.173,1.924l-6.195,3.754A1.089,1.089,0,0,1,391.369,147.65Z\" transform=\"translate(-390.232 -141.632)\" fill=\"#e50a19\"><\/path><\/g><g id=\"Groupe_64\" data-name=\"Groupe 64\" transform=\"translate(0.016 29.77)\"><path id=\"Trac&#xE9;_60\" data-name=\"Trac&#xE9; 60\" d=\"M397.648,337.934a1.074,1.074,0,0,1-.579-.156l-6.195-3.754a1.127,1.127,0,1,1,1.173-1.924l6.195,3.754a1.123,1.123,0,0,1,.375,1.549A1.191,1.191,0,0,1,397.648,337.934Z\" transform=\"translate(-390.332 -331.932)\" fill=\"#e50a19\"><\/path><\/g><\/g><g id=\"Groupe_66\" data-name=\"Groupe 66\" transform=\"translate(118.109 93.837)\"><path id=\"Trac&#xE9;_61\" data-name=\"Trac&#xE9; 61\" d=\"M397.621,251.053h-6.195a1.126,1.126,0,0,1,0-2.253h6.195a1.126,1.126,0,1,1,0,2.253Z\" transform=\"translate(-390.3 -248.8)\" fill=\"#e50a19\"><\/path><\/g><\/g><\/g><\/g><\/svg>\t\t\t<\/div>\n\t\t<\/div>\n\t\t\t\t\t\t<\/div>\n\t\t\t\t<\/div>\n\t\t\t\t<div class=\"elementor-element elementor-element-18c6f70d elementor-invisible elementor-widget elementor-widget-text-editor\" data-id=\"18c6f70d\" data-element_type=\"widget\" data-e-type=\"widget\" data-settings=\"{&quot;_animation&quot;:&quot;fadeInUp&quot;,&quot;_animation_delay&quot;:500}\" data-widget_type=\"text-editor.default\">\n\t\t\t\t<div class=\"elementor-widget-container\">\n\t\t\t\t\t\t\t\t\t<h5 style=\"text-align: center;\"><span style=\"color: #e50a19;\">Whether you are looking for screens, monitors, projectors, a sound system, lighting, a stage, curtains or podiums, <strong>Duoson Multimedia<\/strong> has a complete inventory and all the material necessary for your event. You wish to rent one or several pieces of equipment and manage the organization of your event yourself? No problem! Our warehouses are located in Montreal, Trois-Rivieres and Ottawa. <\/span><\/h5>\t\t\t\t\t\t\t\t<\/div>\n\t\t\t\t<\/div>\n\t\t\t\t\t<\/div>\n\t\t<\/div>\n\t\t\t\t\t<\/div>\n\t\t<\/section>\n\t\t\t\t<section class=\"elementor-section elementor-top-section elementor-element elementor-element-ab0d463 elementor-section-full_width elementor-section-content-middle elementor-section-height-default elementor-section-height-default\" data-id=\"ab0d463\" data-element_type=\"section\" data-e-type=\"section\" data-settings=\"{&quot;background_background&quot;:&quot;classic&quot;}\">\n\t\t\t\t\t\t\t<div class=\"elementor-background-overlay\"><\/div>\n\t\t\t\t\t\t\t<div class=\"elementor-container elementor-column-gap-no\">\n\t\t\t\t\t<div class=\"elementor-column elementor-col-50 elementor-top-column elementor-element elementor-element-b8aea04 elementor-hidden-mobile\" data-id=\"b8aea04\" data-element_type=\"column\" data-e-type=\"column\" data-settings=\"{&quot;background_background&quot;:&quot;classic&quot;}\">\n\t\t\t<div class=\"elementor-widget-wrap\">\n\t\t\t\t\t\t\t<\/div>\n\t\t<\/div>\n\t\t\t\t<div class=\"elementor-column elementor-col-50 elementor-top-column elementor-element elementor-element-7f9f992\" data-id=\"7f9f992\" data-element_type=\"column\" data-e-type=\"column\">\n\t\t\t<div class=\"elementor-widget-wrap elementor-element-populated\">\n\t\t\t\t\t\t<div class=\"elementor-element elementor-element-661e027 elementor-widget elementor-widget-text-editor\" data-id=\"661e027\" data-element_type=\"widget\" data-e-type=\"widget\" data-widget_type=\"text-editor.default\">\n\t\t\t\t<div class=\"elementor-widget-container\">\n\t\t\t\t\t\t\t\t\t<p>We have a large inventory of equipment that will meet your expectations and needs. Given the high cost of purchasing some equipment, it is often more advantageous to rent the equipment you need. This way, you always get the latest equipment, at the cutting edge of technology, as well as the advice of our specialists, without having to worry about maintaining the equipment!<\/p><p style=\"font-size: 15px; font-style: normal; font-weight: 400;\">Our team will be happy to advise you on the right audiovisual and multimedia equipment to rent for your event.<\/p><p><strong>Here&#8217;s a partial list of the products:<\/strong><\/p><ul><li>Webcasting unit (encoder)<\/li><li>Collaborative virtual conferencing tool<\/li><li>Fixed or portable projection screens, manual or electric<\/li><li>Simultaneous interpretation and conference microphones<\/li><li>Multimedia projectors<\/li><li>LED screens<\/li><li>Projector and screen mounting solutions<\/li><li>Stage or architectural lighting<\/li><li>Equipment control systems<\/li><li>Camera systems<\/li><\/ul>\t\t\t\t\t\t\t\t<\/div>\n\t\t\t\t<\/div>\n\t\t\t\t\t<\/div>\n\t\t<\/div>\n\t\t\t\t\t<\/div>\n\t\t<\/section>\n\t\t\t\t<\/div>\n\t\t","protected":false},"excerpt":{"rendered":"<p>Whether you are looking for screens, monitors, projectors, a sound system, lighting, a stage, curtains or podiums, Duoson Multimedia has a complete inventory and all the material necessary for your event. You wish to rent one or several pieces of equipment and manage the organization of your event yourself? No problem! Our warehouses are located [&hellip;]<\/p>\n","protected":false},"author":1,"featured_media":0,"parent":0,"menu_order":0,"comment_status":"closed","ping_status":"closed","template":"","meta":{"site-sidebar-layout":"no-sidebar","site-content-layout":"page-builder","ast-site-content-layout":"default","site-content-style":"default","site-sidebar-style":"default","ast-global-header-display":"","ast-banner-title-visibility":"","ast-main-header-display":"disabled","ast-hfb-above-header-display":"","ast-hfb-below-header-display":"","ast-hfb-mobile-header-display":"disabled","site-post-title":"disabled","ast-breadcrumbs-content":"disabled","ast-featured-img":"disabled","footer-sml-layout":"disabled","ast-disable-related-posts":"","theme-transparent-header-meta":"default","adv-header-id-meta":"","stick-header-meta":"","header-above-stick-meta":"","header-main-stick-meta":"","header-below-stick-meta":"","astra-migrate-meta-layouts":"default","ast-page-background-enabled":"default","ast-page-background-meta":{"desktop":{"background-color":"","background-image":"","background-repeat":"repeat","background-position":"center center","background-size":"auto","background-attachment":"scroll","background-type":"","background-media":"","overlay-type":"","overlay-color":"","overlay-opacity":"","overlay-gradient":""},"tablet":{"background-color":"","background-image":"","background-repeat":"repeat","background-position":"center center","background-size":"auto","background-attachment":"scroll","background-type":"","background-media":"","overlay-type":"","overlay-color":"","overlay-opacity":"","overlay-gradient":""},"mobile":{"background-color":"","background-image":"","background-repeat":"repeat","background-position":"center center","background-size":"auto","background-attachment":"scroll","background-type":"","background-media":"","overlay-type":"","overlay-color":"","overlay-opacity":"","overlay-gradient":""}},"ast-content-background-meta":{"desktop":{"background-color":"var(--ast-global-color-5)","background-image":"","background-repeat":"repeat","background-position":"center center","background-size":"auto","background-attachment":"scroll","background-type":"","background-media":"","overlay-type":"","overlay-color":"","overlay-opacity":"","overlay-gradient":""},"tablet":{"background-color":"var(--ast-global-color-5)","background-image":"","background-repeat":"repeat","background-position":"center center","background-size":"auto","background-attachment":"scroll","background-type":"","background-media":"","overlay-type":"","overlay-color":"","overlay-opacity":"","overlay-gradient":""},"mobile":{"background-color":"var(--ast-global-color-5)","background-image":"","background-repeat":"repeat","background-position":"center center","background-size":"auto","background-attachment":"scroll","background-type":"","background-media":"","overlay-type":"","overlay-color":"","overlay-opacity":"","overlay-gradient":""}},"footnotes":""},"class_list":["post-1918","page","type-page","status-publish","hentry"],"yoast_head":"<!-- This site is optimized with the Yoast SEO plugin v27.5 - https:\/\/yoast.com\/product\/yoast-seo-wordpress\/ -->\n<title>Rentals - Duoson Multimedia, Audiovisual &amp; Event Services<\/title>\n<meta name=\"description\" content=\"Duoson Multimedia has a complete inventory and all the material necessary for your event. - See the material.\" \/>\n<meta name=\"robots\" content=\"index, follow, max-snippet:-1, max-image-preview:large, max-video-preview:-1\" \/>\n<link rel=\"canonical\" href=\"https:\/\/duoson.com\/en\/rentals\/\" \/>\n<meta property=\"og:locale\" content=\"en_US\" \/>\n<meta property=\"og:type\" content=\"article\" \/>\n<meta property=\"og:title\" content=\"Rentals - Duoson Multimedia, Audiovisual &amp; Event Services\" \/>\n<meta property=\"og:description\" content=\"Duoson Multimedia has a complete inventory and all the material necessary for your event. - See the material.\" \/>\n<meta property=\"og:url\" content=\"https:\/\/duoson.com\/en\/rentals\/\" \/>\n<meta property=\"og:site_name\" content=\"Duoson Multimedia\" \/>\n<meta property=\"article:modified_time\" content=\"2021-10-29T15:43:59+00:00\" \/>\n<meta property=\"og:image\" content=\"https:\/\/duoson.com\/wp-content\/uploads\/2021\/10\/Duoson-Multimedia-logo.jpg\" \/>\n\t<meta property=\"og:image:width\" content=\"1200\" \/>\n\t<meta property=\"og:image:height\" content=\"630\" \/>\n\t<meta property=\"og:image:type\" content=\"image\/jpeg\" \/>\n<meta name=\"twitter:card\" content=\"summary_large_image\" \/>\n<meta name=\"twitter:label1\" content=\"Est. reading time\" \/>\n\t<meta name=\"twitter:data1\" content=\"1 minute\" \/>\n<script type=\"application\/ld+json\" class=\"yoast-schema-graph\">{\"@context\":\"https:\\\/\\\/schema.org\",\"@graph\":[{\"@type\":\"WebPage\",\"@id\":\"https:\\\/\\\/duoson.com\\\/en\\\/rentals\\\/\",\"url\":\"https:\\\/\\\/duoson.com\\\/en\\\/rentals\\\/\",\"name\":\"Rentals - Duoson Multimedia, Audiovisual & Event Services\",\"isPartOf\":{\"@id\":\"https:\\\/\\\/duoson.com\\\/en\\\/#website\"},\"datePublished\":\"2021-10-07T20:31:07+00:00\",\"dateModified\":\"2021-10-29T15:43:59+00:00\",\"description\":\"Duoson Multimedia has a complete inventory and all the material necessary for your event. - See the material.\",\"breadcrumb\":{\"@id\":\"https:\\\/\\\/duoson.com\\\/en\\\/rentals\\\/#breadcrumb\"},\"inLanguage\":\"en-US\",\"potentialAction\":[{\"@type\":\"ReadAction\",\"target\":[\"https:\\\/\\\/duoson.com\\\/en\\\/rentals\\\/\"]}]},{\"@type\":\"BreadcrumbList\",\"@id\":\"https:\\\/\\\/duoson.com\\\/en\\\/rentals\\\/#breadcrumb\",\"itemListElement\":[{\"@type\":\"ListItem\",\"position\":1,\"name\":\"Accueil\",\"item\":\"https:\\\/\\\/duoson.com\\\/en\\\/\"},{\"@type\":\"ListItem\",\"position\":2,\"name\":\"Rentals\"}]},{\"@type\":\"WebSite\",\"@id\":\"https:\\\/\\\/duoson.com\\\/en\\\/#website\",\"url\":\"https:\\\/\\\/duoson.com\\\/en\\\/\",\"name\":\"Duoson Multimedia\",\"description\":\"Services audiovisuels \u00e9v\u00e9nementiels et interpr\u00e9tation simultan\u00e9e\",\"publisher\":{\"@id\":\"https:\\\/\\\/duoson.com\\\/en\\\/#organization\"},\"potentialAction\":[{\"@type\":\"SearchAction\",\"target\":{\"@type\":\"EntryPoint\",\"urlTemplate\":\"https:\\\/\\\/duoson.com\\\/en\\\/?s={search_term_string}\"},\"query-input\":{\"@type\":\"PropertyValueSpecification\",\"valueRequired\":true,\"valueName\":\"search_term_string\"}}],\"inLanguage\":\"en-US\"},{\"@type\":\"Organization\",\"@id\":\"https:\\\/\\\/duoson.com\\\/en\\\/#organization\",\"name\":\"Duoson Multimedia\",\"url\":\"https:\\\/\\\/duoson.com\\\/en\\\/\",\"logo\":{\"@type\":\"ImageObject\",\"inLanguage\":\"en-US\",\"@id\":\"https:\\\/\\\/duoson.com\\\/en\\\/#\\\/schema\\\/logo\\\/image\\\/\",\"url\":\"https:\\\/\\\/duoson.com\\\/wp-content\\\/uploads\\\/2021\\\/04\\\/logo-duoson.png\",\"contentUrl\":\"https:\\\/\\\/duoson.com\\\/wp-content\\\/uploads\\\/2021\\\/04\\\/logo-duoson.png\",\"width\":276,\"height\":79,\"caption\":\"Duoson Multimedia\"},\"image\":{\"@id\":\"https:\\\/\\\/duoson.com\\\/en\\\/#\\\/schema\\\/logo\\\/image\\\/\"}}]}<\/script>\n<!-- \/ Yoast SEO plugin. -->","yoast_head_json":{"title":"Rentals - Duoson Multimedia, Audiovisual & Event Services","description":"Duoson Multimedia has a complete inventory and all the material necessary for your event. - See the material.","robots":{"index":"index","follow":"follow","max-snippet":"max-snippet:-1","max-image-preview":"max-image-preview:large","max-video-preview":"max-video-preview:-1"},"canonical":"https:\/\/duoson.com\/en\/rentals\/","og_locale":"en_US","og_type":"article","og_title":"Rentals - Duoson Multimedia, Audiovisual & Event Services","og_description":"Duoson Multimedia has a complete inventory and all the material necessary for your event. - See the material.","og_url":"https:\/\/duoson.com\/en\/rentals\/","og_site_name":"Duoson Multimedia","article_modified_time":"2021-10-29T15:43:59+00:00","og_image":[{"width":1200,"height":630,"url":"https:\/\/duoson.com\/wp-content\/uploads\/2021\/10\/Duoson-Multimedia-logo.jpg","type":"image\/jpeg"}],"twitter_card":"summary_large_image","twitter_misc":{"Est. reading time":"1 minute"},"schema":{"@context":"https:\/\/schema.org","@graph":[{"@type":"WebPage","@id":"https:\/\/duoson.com\/en\/rentals\/","url":"https:\/\/duoson.com\/en\/rentals\/","name":"Rentals - Duoson Multimedia, Audiovisual & Event Services","isPartOf":{"@id":"https:\/\/duoson.com\/en\/#website"},"datePublished":"2021-10-07T20:31:07+00:00","dateModified":"2021-10-29T15:43:59+00:00","description":"Duoson Multimedia has a complete inventory and all the material necessary for your event. - See the material.","breadcrumb":{"@id":"https:\/\/duoson.com\/en\/rentals\/#breadcrumb"},"inLanguage":"en-US","potentialAction":[{"@type":"ReadAction","target":["https:\/\/duoson.com\/en\/rentals\/"]}]},{"@type":"BreadcrumbList","@id":"https:\/\/duoson.com\/en\/rentals\/#breadcrumb","itemListElement":[{"@type":"ListItem","position":1,"name":"Accueil","item":"https:\/\/duoson.com\/en\/"},{"@type":"ListItem","position":2,"name":"Rentals"}]},{"@type":"WebSite","@id":"https:\/\/duoson.com\/en\/#website","url":"https:\/\/duoson.com\/en\/","name":"Duoson Multimedia","description":"Services audiovisuels \u00e9v\u00e9nementiels et interpr\u00e9tation simultan\u00e9e","publisher":{"@id":"https:\/\/duoson.com\/en\/#organization"},"potentialAction":[{"@type":"SearchAction","target":{"@type":"EntryPoint","urlTemplate":"https:\/\/duoson.com\/en\/?s={search_term_string}"},"query-input":{"@type":"PropertyValueSpecification","valueRequired":true,"valueName":"search_term_string"}}],"inLanguage":"en-US"},{"@type":"Organization","@id":"https:\/\/duoson.com\/en\/#organization","name":"Duoson Multimedia","url":"https:\/\/duoson.com\/en\/","logo":{"@type":"ImageObject","inLanguage":"en-US","@id":"https:\/\/duoson.com\/en\/#\/schema\/logo\/image\/","url":"https:\/\/duoson.com\/wp-content\/uploads\/2021\/04\/logo-duoson.png","contentUrl":"https:\/\/duoson.com\/wp-content\/uploads\/2021\/04\/logo-duoson.png","width":276,"height":79,"caption":"Duoson Multimedia"},"image":{"@id":"https:\/\/duoson.com\/en\/#\/schema\/logo\/image\/"}}]}},"_links":{"self":[{"href":"https:\/\/duoson.com\/en\/wp-json\/wp\/v2\/pages\/1918","targetHints":{"allow":["GET"]}}],"collection":[{"href":"https:\/\/duoson.com\/en\/wp-json\/wp\/v2\/pages"}],"about":[{"href":"https:\/\/duoson.com\/en\/wp-json\/wp\/v2\/types\/page"}],"author":[{"embeddable":true,"href":"https:\/\/duoson.com\/en\/wp-json\/wp\/v2\/users\/1"}],"replies":[{"embeddable":true,"href":"https:\/\/duoson.com\/en\/wp-json\/wp\/v2\/comments?post=1918"}],"version-history":[{"count":12,"href":"https:\/\/duoson.com\/en\/wp-json\/wp\/v2\/pages\/1918\/revisions"}],"predecessor-version":[{"id":2794,"href":"https:\/\/duoson.com\/en\/wp-json\/wp\/v2\/pages\/1918\/revisions\/2794"}],"wp:attachment":[{"href":"https:\/\/duoson.com\/en\/wp-json\/wp\/v2\/media?parent=1918"}],"curies":[{"name":"wp","href":"https:\/\/api.w.org\/{rel}","templated":true}]}}