{"id":1930,"date":"2021-10-07T16:40:17","date_gmt":"2021-10-07T20:40:17","guid":{"rendered":"https:\/\/duosondev.adnhosting.ca\/?page_id=1930"},"modified":"2021-10-29T11:46:16","modified_gmt":"2021-10-29T15:46:16","slug":"sales-integration","status":"publish","type":"page","link":"https:\/\/duoson.com\/en\/sales-integration\/","title":{"rendered":"Sales \/ Integration"},"content":{"rendered":"\t\t<div data-elementor-type=\"wp-page\" data-elementor-id=\"1930\" class=\"elementor elementor-1930 elementor-710\" data-elementor-post-type=\"page\">\n\t\t\t\t\t\t<section class=\"elementor-section elementor-top-section elementor-element elementor-element-1139836b elementor-section-height-min-height elementor-section-items-bottom elementor-section-content-bottom elementor-section-full_width elementor-section-height-default\" data-id=\"1139836b\" data-element_type=\"section\" data-e-type=\"section\" data-settings=\"{&quot;background_background&quot;:&quot;classic&quot;}\">\n\t\t\t\t\t\t\t<div class=\"elementor-background-overlay\"><\/div>\n\t\t\t\t\t\t\t<div class=\"elementor-container elementor-column-gap-no\">\n\t\t\t\t\t<div class=\"elementor-column elementor-col-100 elementor-top-column elementor-element elementor-element-4c069e76\" data-id=\"4c069e76\" data-element_type=\"column\" data-e-type=\"column\" data-settings=\"{&quot;background_background&quot;:&quot;slideshow&quot;,&quot;background_slideshow_gallery&quot;:[],&quot;background_slideshow_loop&quot;:&quot;yes&quot;,&quot;background_slideshow_slide_duration&quot;:5000,&quot;background_slideshow_slide_transition&quot;:&quot;fade&quot;,&quot;background_slideshow_transition_duration&quot;:500}\">\n\t\t\t<div class=\"elementor-widget-wrap elementor-element-populated\">\n\t\t\t\t\t\t<div class=\"elementor-element elementor-element-640a768a spin elementor-absolute elementor-hidden-tablet elementor-hidden-phone elementor-view-default elementor-widget elementor-widget-icon\" data-id=\"640a768a\" data-element_type=\"widget\" data-e-type=\"widget\" data-settings=\"{&quot;_position&quot;:&quot;absolute&quot;}\" data-widget_type=\"icon.default\">\n\t\t\t\t<div class=\"elementor-widget-container\">\n\t\t\t\t\t\t\t<div class=\"elementor-icon-wrapper\">\n\t\t\t<div class=\"elementor-icon\">\n\t\t\t<svg xmlns=\"http:\/\/www.w3.org\/2000\/svg\" width=\"452\" height=\"452\" viewBox=\"0 0 452 452\"><g id=\"Ellipse_5\" data-name=\"Ellipse 5\" transform=\"translate(0 452) rotate(-90)\" fill=\"none\" stroke=\"#e50a19\" stroke-width=\"4\" stroke-dasharray=\"4 10\"><circle cx=\"226\" cy=\"226\" r=\"226\" stroke=\"none\"><\/circle><circle cx=\"226\" cy=\"226\" r=\"224\" fill=\"none\"><\/circle><\/g><\/svg>\t\t\t<\/div>\n\t\t<\/div>\n\t\t\t\t\t\t<\/div>\n\t\t\t\t<\/div>\n\t\t\t\t\t<\/div>\n\t\t<\/div>\n\t\t\t\t\t<\/div>\n\t\t<\/section>\n\t\t\t\t<section class=\"elementor-section elementor-top-section elementor-element elementor-element-5d839970 elementor-section-height-min-height elementor-section-boxed elementor-section-height-default elementor-section-items-middle\" data-id=\"5d839970\" data-element_type=\"section\" data-e-type=\"section\" data-settings=\"{&quot;background_background&quot;:&quot;classic&quot;,&quot;animation&quot;:&quot;none&quot;}\">\n\t\t\t\t\t\t<div class=\"elementor-container elementor-column-gap-no\">\n\t\t\t\t\t<div class=\"elementor-column elementor-col-100 elementor-top-column elementor-element elementor-element-12c54565\" data-id=\"12c54565\" data-element_type=\"column\" data-e-type=\"column\">\n\t\t\t<div class=\"elementor-widget-wrap elementor-element-populated\">\n\t\t\t\t\t\t<div class=\"elementor-element elementor-element-192d255 elementor-view-default elementor-invisible elementor-widget elementor-widget-icon\" data-id=\"192d255\" data-element_type=\"widget\" data-e-type=\"widget\" data-settings=\"{&quot;_animation&quot;:&quot;fadeInUp&quot;,&quot;_animation_delay&quot;:250}\" data-widget_type=\"icon.default\">\n\t\t\t\t<div class=\"elementor-widget-container\">\n\t\t\t\t\t\t\t<div class=\"elementor-icon-wrapper\">\n\t\t\t<div class=\"elementor-icon\">\n\t\t\t<svg xmlns=\"http:\/\/www.w3.org\/2000\/svg\" width=\"154\" height=\"154\" viewBox=\"0 0 154 154\"><g id=\"Groupe_117\" data-name=\"Groupe 117\" transform=\"translate(-968 -1428)\"><g id=\"Ellipse_15\" data-name=\"Ellipse 15\" transform=\"translate(968 1428)\" fill=\"#fff\" stroke=\"#1e1e1e\" stroke-width=\"3\"><circle cx=\"77\" cy=\"77\" r=\"77\" stroke=\"none\"><\/circle><circle cx=\"77\" cy=\"77\" r=\"75.5\" fill=\"none\"><\/circle><\/g><g id=\"noun_sale_3406167\" transform=\"translate(1494.367 1911.562)\"><g id=\"Groupe_68\" data-name=\"Groupe 68\" transform=\"translate(-471 -439.56)\"><path id=\"Trac&#xE9;_62\" data-name=\"Trac&#xE9; 62\" d=\"M62.166,60.336l-8.494-40.1a1,1,0,0,0-.627-.766l-11.7-5.152A13.248,13.248,0,0,0,41,11.532,13.585,13.585,0,0,0,37.52,4.71c-1.81-1.81-3.829-2.576-5.848-2.158C27.7,3.387,25.545,8.678,26.8,14.526a14.71,14.71,0,0,0,.835,2.646L19.071,26.71a1.248,1.248,0,0,0-.278.975l8.494,40.1a1.109,1.109,0,0,0,1.044.835h.209l32.722-6.962A1.068,1.068,0,0,0,62.166,60.336ZM28.957,14.108c-.975-4.525.487-8.842,3.2-9.4a4.334,4.334,0,0,1,3.9,1.532,11.409,11.409,0,0,1,2.924,5.778c.07.418.139.905.209,1.323l-5.013-2.228a1.087,1.087,0,0,0-1.253.278L29.3,15.431A7.344,7.344,0,0,1,28.957,14.108Zm.278,52.146-8.215-38.5,7.658-8.424c1.671,2.715,3.968,4.386,6.405,4.386a6.942,6.942,0,0,0,1.114-.139,1.065,1.065,0,0,0-.418-2.089c-1.949.418-4.108-1.184-5.5-3.829l3.829-4.177,17.544,7.8,8.215,38.5Z\" transform=\"translate(-18.774 -2.44)\" fill=\"#e50a19\"><\/path><path id=\"Trac&#xE9;_63\" data-name=\"Trac&#xE9; 63\" d=\"M51.923,54.191a5.926,5.926,0,0,0-4.456-.835l-.627.139-1.6-7.38.627-.139A3.794,3.794,0,0,1,50.321,48.9a1.065,1.065,0,0,0,2.089-.418,6,6,0,0,0-7.032-4.595l-.627.139-.7-3.2a1.065,1.065,0,1,0-2.089.418l.7,3.2-.627.139a6.194,6.194,0,0,0-3.76,2.576,5.926,5.926,0,0,0-.835,4.456,6.194,6.194,0,0,0,2.576,3.759,5.926,5.926,0,0,0,4.456.835l.627-.139,1.6,7.38-.557.139a3.768,3.768,0,0,1-2.854-.557,3.858,3.858,0,0,1-1.671-2.367,1.065,1.065,0,1,0-2.089.418,6.194,6.194,0,0,0,2.576,3.759,5.956,5.956,0,0,0,3.2.975,7.67,7.67,0,0,0,1.253-.139l.627-.139.7,3.2a1.109,1.109,0,0,0,1.044.835h.209a1.084,1.084,0,0,0,.835-1.253l-.7-3.2.627-.139a6.194,6.194,0,0,0,3.76-2.576A5.926,5.926,0,0,0,54.5,57.95,6.194,6.194,0,0,0,51.923,54.191Zm-7.8-.139a3.768,3.768,0,0,1-2.854-.557A3.858,3.858,0,0,1,39.6,51.127a3.768,3.768,0,0,1,.557-2.854A3.858,3.858,0,0,1,42.524,46.6l.627-.139,1.6,7.519Zm7.728,7.171a3.858,3.858,0,0,1-2.367,1.671l-.627.139-1.6-7.38.627-.139a3.768,3.768,0,0,1,2.854.557,3.858,3.858,0,0,1,1.671,2.367A3.6,3.6,0,0,1,51.853,61.222Z\" transform=\"translate(-24.404 -13.839)\" fill=\"#e50a19\"><\/path><\/g><\/g><\/g><\/svg>\t\t\t<\/div>\n\t\t<\/div>\n\t\t\t\t\t\t<\/div>\n\t\t\t\t<\/div>\n\t\t\t\t<div class=\"elementor-element elementor-element-18c6f70d elementor-invisible elementor-widget elementor-widget-text-editor\" data-id=\"18c6f70d\" data-element_type=\"widget\" data-e-type=\"widget\" data-settings=\"{&quot;_animation&quot;:&quot;fadeInUp&quot;,&quot;_animation_delay&quot;:500}\" data-widget_type=\"text-editor.default\">\n\t\t\t\t<div class=\"elementor-widget-container\">\n\t\t\t\t\t\t\t\t\t<h5 style=\"font-style: normal; text-align: center;\"><span style=\"color: #e50a19;\"><strong>State-of-the-art technological products<\/strong>, solutions adapted to your needs and a solid expertise, this is what <strong>Duoson Multimedia<\/strong> offers to its customers who wish to acquire audio-visual material, be it to buy a multimedia projector, to equip a new conference room or classroom, to provide a sound system for a church, etc., you are at the<strong> right place<\/strong>!<\/span><\/h5>\t\t\t\t\t\t\t\t<\/div>\n\t\t\t\t<\/div>\n\t\t\t\t\t<\/div>\n\t\t<\/div>\n\t\t\t\t\t<\/div>\n\t\t<\/section>\n\t\t\t\t<section class=\"elementor-section elementor-top-section elementor-element elementor-element-ab0d463 elementor-section-full_width elementor-section-content-middle elementor-section-height-default elementor-section-height-default\" data-id=\"ab0d463\" data-element_type=\"section\" data-e-type=\"section\" data-settings=\"{&quot;background_background&quot;:&quot;classic&quot;}\">\n\t\t\t\t\t\t\t<div class=\"elementor-background-overlay\"><\/div>\n\t\t\t\t\t\t\t<div class=\"elementor-container elementor-column-gap-no\">\n\t\t\t\t\t<div class=\"elementor-column elementor-col-50 elementor-top-column elementor-element elementor-element-b8aea04 elementor-hidden-mobile\" data-id=\"b8aea04\" data-element_type=\"column\" data-e-type=\"column\" data-settings=\"{&quot;background_background&quot;:&quot;classic&quot;}\">\n\t\t\t<div class=\"elementor-widget-wrap\">\n\t\t\t\t\t\t\t<\/div>\n\t\t<\/div>\n\t\t\t\t<div class=\"elementor-column elementor-col-50 elementor-top-column elementor-element elementor-element-7f9f992\" data-id=\"7f9f992\" data-element_type=\"column\" data-e-type=\"column\">\n\t\t\t<div class=\"elementor-widget-wrap elementor-element-populated\">\n\t\t\t\t\t\t<div class=\"elementor-element elementor-element-661e027 elementor-widget elementor-widget-text-editor\" data-id=\"661e027\" data-element_type=\"widget\" data-e-type=\"widget\" data-widget_type=\"text-editor.default\">\n\t\t\t\t<div class=\"elementor-widget-container\">\n\t\t\t\t\t\t\t\t\t<p>Duoson Multimedia is an authorized retailer of the best brands of audiovisual products. Because of the important quantity of products we have access to and the competence of our advisers, we can work out personalized audio-visual and multimedia solutions for all your projects, small and large.<\/p><p style=\"font-size: 15px; font-style: normal; font-weight: 400;\"><strong>Products we sell:<\/strong><\/p><ul style=\"font-size: 15px; font-style: normal; font-weight: 400;\"><li style=\"font-size: 15px;\">Webcasting unit (encoder)<\/li><li style=\"font-size: 15px;\">Collaborative virtual conferencing tools<\/li><li style=\"font-size: 15px;\">Fixed or portable projection screens, manual or electric<\/li><li style=\"font-size: 15px;\">Simultaneous interpretation and conference microphones<\/li><li style=\"font-size: 15px;\">Multimedia projectors<\/li><li style=\"font-size: 15px;\">LED screens<\/li><li style=\"font-size: 15px;\">Projector and screen mounting solutions<\/li><li style=\"font-size: 15px;\"><span style=\"font-style: inherit; font-family: var( --e-global-typography-text-font-family ), Sans-serif;\">Sound equipment<\/span><\/li><li style=\"font-size: 15px;\">Stage or architectural lighting<\/li><li style=\"font-size: 15px;\">Equipment control systems<\/li><li style=\"font-size: 15px;\">Camera systems<\/li><\/ul>\t\t\t\t\t\t\t\t<\/div>\n\t\t\t\t<\/div>\n\t\t\t\t\t<\/div>\n\t\t<\/div>\n\t\t\t\t\t<\/div>\n\t\t<\/section>\n\t\t\t\t<\/div>\n\t\t","protected":false},"excerpt":{"rendered":"<p>State-of-the-art technological products, solutions adapted to your needs and a solid expertise, this is what Duoson Multimedia offers to its customers who wish to acquire audio-visual material, be it to buy a multimedia projector, to equip a new conference room or classroom, to provide a sound system for a church, etc., you are at the [&hellip;]<\/p>\n","protected":false},"author":1,"featured_media":0,"parent":0,"menu_order":0,"comment_status":"closed","ping_status":"closed","template":"","meta":{"site-sidebar-layout":"no-sidebar","site-content-layout":"page-builder","ast-site-content-layout":"default","site-content-style":"default","site-sidebar-style":"default","ast-global-header-display":"","ast-banner-title-visibility":"","ast-main-header-display":"disabled","ast-hfb-above-header-display":"","ast-hfb-below-header-display":"","ast-hfb-mobile-header-display":"disabled","site-post-title":"disabled","ast-breadcrumbs-content":"disabled","ast-featured-img":"disabled","footer-sml-layout":"disabled","ast-disable-related-posts":"","theme-transparent-header-meta":"default","adv-header-id-meta":"","stick-header-meta":"","header-above-stick-meta":"","header-main-stick-meta":"","header-below-stick-meta":"","astra-migrate-meta-layouts":"default","ast-page-background-enabled":"default","ast-page-background-meta":{"desktop":{"background-color":"","background-image":"","background-repeat":"repeat","background-position":"center center","background-size":"auto","background-attachment":"scroll","background-type":"","background-media":"","overlay-type":"","overlay-color":"","overlay-opacity":"","overlay-gradient":""},"tablet":{"background-color":"","background-image":"","background-repeat":"repeat","background-position":"center center","background-size":"auto","background-attachment":"scroll","background-type":"","background-media":"","overlay-type":"","overlay-color":"","overlay-opacity":"","overlay-gradient":""},"mobile":{"background-color":"","background-image":"","background-repeat":"repeat","background-position":"center center","background-size":"auto","background-attachment":"scroll","background-type":"","background-media":"","overlay-type":"","overlay-color":"","overlay-opacity":"","overlay-gradient":""}},"ast-content-background-meta":{"desktop":{"background-color":"var(--ast-global-color-5)","background-image":"","background-repeat":"repeat","background-position":"center center","background-size":"auto","background-attachment":"scroll","background-type":"","background-media":"","overlay-type":"","overlay-color":"","overlay-opacity":"","overlay-gradient":""},"tablet":{"background-color":"var(--ast-global-color-5)","background-image":"","background-repeat":"repeat","background-position":"center center","background-size":"auto","background-attachment":"scroll","background-type":"","background-media":"","overlay-type":"","overlay-color":"","overlay-opacity":"","overlay-gradient":""},"mobile":{"background-color":"var(--ast-global-color-5)","background-image":"","background-repeat":"repeat","background-position":"center center","background-size":"auto","background-attachment":"scroll","background-type":"","background-media":"","overlay-type":"","overlay-color":"","overlay-opacity":"","overlay-gradient":""}},"footnotes":""},"class_list":["post-1930","page","type-page","status-publish","hentry"],"yoast_head":"<!-- This site is optimized with the Yoast SEO plugin v27.4 - https:\/\/yoast.com\/product\/yoast-seo-wordpress\/ -->\n<title>Sales \/ Integration - Duoson Multimedia, Audiovisual &amp; Event Services<\/title>\n<meta name=\"description\" content=\"Duoson Multimedia is an authorized retailer of the best brands of audiovisual products. - See available products!\" \/>\n<meta name=\"robots\" content=\"index, follow, max-snippet:-1, max-image-preview:large, max-video-preview:-1\" \/>\n<link rel=\"canonical\" href=\"https:\/\/duoson.com\/en\/sales-integration\/\" \/>\n<meta property=\"og:locale\" content=\"en_US\" \/>\n<meta property=\"og:type\" content=\"article\" \/>\n<meta property=\"og:title\" content=\"Sales \/ Integration - Duoson Multimedia, Audiovisual &amp; Event Services\" \/>\n<meta property=\"og:description\" content=\"Duoson Multimedia is an authorized retailer of the best brands of audiovisual products. - See available products!\" \/>\n<meta property=\"og:url\" content=\"https:\/\/duoson.com\/en\/sales-integration\/\" \/>\n<meta property=\"og:site_name\" content=\"Duoson Multimedia\" \/>\n<meta property=\"article:modified_time\" content=\"2021-10-29T15:46:16+00:00\" \/>\n<meta property=\"og:image\" content=\"https:\/\/duoson.com\/wp-content\/uploads\/2021\/10\/Duoson-Multimedia-logo.jpg\" \/>\n\t<meta property=\"og:image:width\" content=\"1200\" \/>\n\t<meta property=\"og:image:height\" content=\"630\" \/>\n\t<meta property=\"og:image:type\" content=\"image\/jpeg\" \/>\n<meta name=\"twitter:card\" content=\"summary_large_image\" \/>\n<meta name=\"twitter:label1\" content=\"Est. reading time\" \/>\n\t<meta name=\"twitter:data1\" content=\"1 minute\" \/>\n<script type=\"application\/ld+json\" class=\"yoast-schema-graph\">{\"@context\":\"https:\\\/\\\/schema.org\",\"@graph\":[{\"@type\":\"WebPage\",\"@id\":\"https:\\\/\\\/duoson.com\\\/en\\\/sales-integration\\\/\",\"url\":\"https:\\\/\\\/duoson.com\\\/en\\\/sales-integration\\\/\",\"name\":\"Sales \\\/ Integration - Duoson Multimedia, Audiovisual & Event Services\",\"isPartOf\":{\"@id\":\"https:\\\/\\\/duoson.com\\\/en\\\/#website\"},\"datePublished\":\"2021-10-07T20:40:17+00:00\",\"dateModified\":\"2021-10-29T15:46:16+00:00\",\"description\":\"Duoson Multimedia is an authorized retailer of the best brands of audiovisual products. - See available products!\",\"breadcrumb\":{\"@id\":\"https:\\\/\\\/duoson.com\\\/en\\\/sales-integration\\\/#breadcrumb\"},\"inLanguage\":\"en-US\",\"potentialAction\":[{\"@type\":\"ReadAction\",\"target\":[\"https:\\\/\\\/duoson.com\\\/en\\\/sales-integration\\\/\"]}]},{\"@type\":\"BreadcrumbList\",\"@id\":\"https:\\\/\\\/duoson.com\\\/en\\\/sales-integration\\\/#breadcrumb\",\"itemListElement\":[{\"@type\":\"ListItem\",\"position\":1,\"name\":\"Accueil\",\"item\":\"https:\\\/\\\/duoson.com\\\/en\\\/\"},{\"@type\":\"ListItem\",\"position\":2,\"name\":\"Sales \\\/ Integration\"}]},{\"@type\":\"WebSite\",\"@id\":\"https:\\\/\\\/duoson.com\\\/en\\\/#website\",\"url\":\"https:\\\/\\\/duoson.com\\\/en\\\/\",\"name\":\"Duoson Multimedia\",\"description\":\"Services audiovisuels \u00e9v\u00e9nementiels et interpr\u00e9tation simultan\u00e9e\",\"publisher\":{\"@id\":\"https:\\\/\\\/duoson.com\\\/en\\\/#organization\"},\"potentialAction\":[{\"@type\":\"SearchAction\",\"target\":{\"@type\":\"EntryPoint\",\"urlTemplate\":\"https:\\\/\\\/duoson.com\\\/en\\\/?s={search_term_string}\"},\"query-input\":{\"@type\":\"PropertyValueSpecification\",\"valueRequired\":true,\"valueName\":\"search_term_string\"}}],\"inLanguage\":\"en-US\"},{\"@type\":\"Organization\",\"@id\":\"https:\\\/\\\/duoson.com\\\/en\\\/#organization\",\"name\":\"Duoson Multimedia\",\"url\":\"https:\\\/\\\/duoson.com\\\/en\\\/\",\"logo\":{\"@type\":\"ImageObject\",\"inLanguage\":\"en-US\",\"@id\":\"https:\\\/\\\/duoson.com\\\/en\\\/#\\\/schema\\\/logo\\\/image\\\/\",\"url\":\"https:\\\/\\\/duoson.com\\\/wp-content\\\/uploads\\\/2021\\\/04\\\/logo-duoson.png\",\"contentUrl\":\"https:\\\/\\\/duoson.com\\\/wp-content\\\/uploads\\\/2021\\\/04\\\/logo-duoson.png\",\"width\":276,\"height\":79,\"caption\":\"Duoson Multimedia\"},\"image\":{\"@id\":\"https:\\\/\\\/duoson.com\\\/en\\\/#\\\/schema\\\/logo\\\/image\\\/\"}}]}<\/script>\n<!-- \/ Yoast SEO plugin. -->","yoast_head_json":{"title":"Sales \/ Integration - Duoson Multimedia, Audiovisual & Event Services","description":"Duoson Multimedia is an authorized retailer of the best brands of audiovisual products. - See available products!","robots":{"index":"index","follow":"follow","max-snippet":"max-snippet:-1","max-image-preview":"max-image-preview:large","max-video-preview":"max-video-preview:-1"},"canonical":"https:\/\/duoson.com\/en\/sales-integration\/","og_locale":"en_US","og_type":"article","og_title":"Sales \/ Integration - Duoson Multimedia, Audiovisual & Event Services","og_description":"Duoson Multimedia is an authorized retailer of the best brands of audiovisual products. - See available products!","og_url":"https:\/\/duoson.com\/en\/sales-integration\/","og_site_name":"Duoson Multimedia","article_modified_time":"2021-10-29T15:46:16+00:00","og_image":[{"width":1200,"height":630,"url":"https:\/\/duoson.com\/wp-content\/uploads\/2021\/10\/Duoson-Multimedia-logo.jpg","type":"image\/jpeg"}],"twitter_card":"summary_large_image","twitter_misc":{"Est. reading time":"1 minute"},"schema":{"@context":"https:\/\/schema.org","@graph":[{"@type":"WebPage","@id":"https:\/\/duoson.com\/en\/sales-integration\/","url":"https:\/\/duoson.com\/en\/sales-integration\/","name":"Sales \/ Integration - Duoson Multimedia, Audiovisual & Event Services","isPartOf":{"@id":"https:\/\/duoson.com\/en\/#website"},"datePublished":"2021-10-07T20:40:17+00:00","dateModified":"2021-10-29T15:46:16+00:00","description":"Duoson Multimedia is an authorized retailer of the best brands of audiovisual products. - See available products!","breadcrumb":{"@id":"https:\/\/duoson.com\/en\/sales-integration\/#breadcrumb"},"inLanguage":"en-US","potentialAction":[{"@type":"ReadAction","target":["https:\/\/duoson.com\/en\/sales-integration\/"]}]},{"@type":"BreadcrumbList","@id":"https:\/\/duoson.com\/en\/sales-integration\/#breadcrumb","itemListElement":[{"@type":"ListItem","position":1,"name":"Accueil","item":"https:\/\/duoson.com\/en\/"},{"@type":"ListItem","position":2,"name":"Sales \/ Integration"}]},{"@type":"WebSite","@id":"https:\/\/duoson.com\/en\/#website","url":"https:\/\/duoson.com\/en\/","name":"Duoson Multimedia","description":"Services audiovisuels \u00e9v\u00e9nementiels et interpr\u00e9tation simultan\u00e9e","publisher":{"@id":"https:\/\/duoson.com\/en\/#organization"},"potentialAction":[{"@type":"SearchAction","target":{"@type":"EntryPoint","urlTemplate":"https:\/\/duoson.com\/en\/?s={search_term_string}"},"query-input":{"@type":"PropertyValueSpecification","valueRequired":true,"valueName":"search_term_string"}}],"inLanguage":"en-US"},{"@type":"Organization","@id":"https:\/\/duoson.com\/en\/#organization","name":"Duoson Multimedia","url":"https:\/\/duoson.com\/en\/","logo":{"@type":"ImageObject","inLanguage":"en-US","@id":"https:\/\/duoson.com\/en\/#\/schema\/logo\/image\/","url":"https:\/\/duoson.com\/wp-content\/uploads\/2021\/04\/logo-duoson.png","contentUrl":"https:\/\/duoson.com\/wp-content\/uploads\/2021\/04\/logo-duoson.png","width":276,"height":79,"caption":"Duoson Multimedia"},"image":{"@id":"https:\/\/duoson.com\/en\/#\/schema\/logo\/image\/"}}]}},"_links":{"self":[{"href":"https:\/\/duoson.com\/en\/wp-json\/wp\/v2\/pages\/1930","targetHints":{"allow":["GET"]}}],"collection":[{"href":"https:\/\/duoson.com\/en\/wp-json\/wp\/v2\/pages"}],"about":[{"href":"https:\/\/duoson.com\/en\/wp-json\/wp\/v2\/types\/page"}],"author":[{"embeddable":true,"href":"https:\/\/duoson.com\/en\/wp-json\/wp\/v2\/users\/1"}],"replies":[{"embeddable":true,"href":"https:\/\/duoson.com\/en\/wp-json\/wp\/v2\/comments?post=1930"}],"version-history":[{"count":12,"href":"https:\/\/duoson.com\/en\/wp-json\/wp\/v2\/pages\/1930\/revisions"}],"predecessor-version":[{"id":2795,"href":"https:\/\/duoson.com\/en\/wp-json\/wp\/v2\/pages\/1930\/revisions\/2795"}],"wp:attachment":[{"href":"https:\/\/duoson.com\/en\/wp-json\/wp\/v2\/media?parent=1930"}],"curies":[{"name":"wp","href":"https:\/\/api.w.org\/{rel}","templated":true}]}}