{"id":1940,"date":"2021-10-07T16:43:44","date_gmt":"2021-10-07T20:43:44","guid":{"rendered":"https:\/\/duosondev.adnhosting.ca\/?page_id=1940"},"modified":"2021-10-29T11:50:44","modified_gmt":"2021-10-29T15:50:44","slug":"studios","status":"publish","type":"page","link":"https:\/\/duoson.com\/en\/studios\/","title":{"rendered":"Studios"},"content":{"rendered":"\t\t<div data-elementor-type=\"wp-page\" data-elementor-id=\"1940\" class=\"elementor elementor-1940 elementor-725\" data-elementor-post-type=\"page\">\n\t\t\t\t\t\t<section class=\"elementor-section elementor-top-section elementor-element elementor-element-1139836b elementor-section-height-min-height elementor-section-items-bottom elementor-section-content-bottom elementor-section-full_width elementor-section-height-default\" data-id=\"1139836b\" data-element_type=\"section\" data-e-type=\"section\" data-settings=\"{&quot;background_background&quot;:&quot;classic&quot;}\">\n\t\t\t\t\t\t\t<div class=\"elementor-background-overlay\"><\/div>\n\t\t\t\t\t\t\t<div class=\"elementor-container elementor-column-gap-no\">\n\t\t\t\t\t<div class=\"elementor-column elementor-col-100 elementor-top-column elementor-element elementor-element-4c069e76\" data-id=\"4c069e76\" data-element_type=\"column\" data-e-type=\"column\" data-settings=\"{&quot;background_background&quot;:&quot;slideshow&quot;,&quot;background_slideshow_gallery&quot;:[],&quot;background_slideshow_loop&quot;:&quot;yes&quot;,&quot;background_slideshow_slide_duration&quot;:5000,&quot;background_slideshow_slide_transition&quot;:&quot;fade&quot;,&quot;background_slideshow_transition_duration&quot;:500}\">\n\t\t\t<div class=\"elementor-widget-wrap elementor-element-populated\">\n\t\t\t\t\t\t<div class=\"elementor-element elementor-element-640a768a spin elementor-absolute elementor-hidden-tablet elementor-hidden-phone elementor-view-default elementor-widget elementor-widget-icon\" data-id=\"640a768a\" data-element_type=\"widget\" data-e-type=\"widget\" data-settings=\"{&quot;_position&quot;:&quot;absolute&quot;}\" data-widget_type=\"icon.default\">\n\t\t\t\t<div class=\"elementor-widget-container\">\n\t\t\t\t\t\t\t<div class=\"elementor-icon-wrapper\">\n\t\t\t<div class=\"elementor-icon\">\n\t\t\t<svg xmlns=\"http:\/\/www.w3.org\/2000\/svg\" width=\"452\" height=\"452\" viewBox=\"0 0 452 452\" role=\"img\" aria-labelledby=\"svg-title-1782\"><title id=\"svg-title-1782\">points<\/title><g id=\"Ellipse_5\" data-name=\"Ellipse 5\" transform=\"translate(0 452) rotate(-90)\" fill=\"none\" stroke=\"#e50a19\" stroke-width=\"4\" stroke-dasharray=\"4 10\"><circle cx=\"226\" cy=\"226\" r=\"226\" stroke=\"none\"><\/circle><circle cx=\"226\" cy=\"226\" r=\"224\" fill=\"none\"><\/circle><\/g><\/svg>\t\t\t<\/div>\n\t\t<\/div>\n\t\t\t\t\t\t<\/div>\n\t\t\t\t<\/div>\n\t\t\t\t\t<\/div>\n\t\t<\/div>\n\t\t\t\t\t<\/div>\n\t\t<\/section>\n\t\t\t\t<section class=\"elementor-section elementor-top-section elementor-element elementor-element-5d839970 elementor-section-height-min-height elementor-section-boxed elementor-section-height-default elementor-section-items-middle\" data-id=\"5d839970\" data-element_type=\"section\" data-e-type=\"section\" data-settings=\"{&quot;background_background&quot;:&quot;classic&quot;,&quot;animation&quot;:&quot;none&quot;}\">\n\t\t\t\t\t\t<div class=\"elementor-container elementor-column-gap-no\">\n\t\t\t\t\t<div class=\"elementor-column elementor-col-100 elementor-top-column elementor-element elementor-element-12c54565\" data-id=\"12c54565\" data-element_type=\"column\" data-e-type=\"column\">\n\t\t\t<div class=\"elementor-widget-wrap elementor-element-populated\">\n\t\t\t\t\t\t<div class=\"elementor-element elementor-element-192d255 elementor-view-default elementor-invisible elementor-widget elementor-widget-icon\" data-id=\"192d255\" data-element_type=\"widget\" data-e-type=\"widget\" data-settings=\"{&quot;_animation&quot;:&quot;fadeInUp&quot;,&quot;_animation_delay&quot;:250}\" data-widget_type=\"icon.default\">\n\t\t\t\t<div class=\"elementor-widget-container\">\n\t\t\t\t\t\t\t<div class=\"elementor-icon-wrapper\">\n\t\t\t<div class=\"elementor-icon\">\n\t\t\t<svg xmlns=\"http:\/\/www.w3.org\/2000\/svg\" width=\"154\" height=\"154\" viewBox=\"0 0 154 154\" role=\"img\" aria-labelledby=\"svg-title-1787 svg-desc-1787\"><title id=\"svg-title-1787\">Studio &#8211; Duoson Multimedia, Services Audiovisuels \u00c9v\u00e9nementiels<\/title><desc id=\"svg-desc-1787\">Studio - Duoson Multimedia, Services Audiovisuels \u00c9v\u00e9nementiels<\/desc><g id=\"Groupe_115\" data-name=\"Groupe 115\" transform=\"translate(-278 -1644)\"><g id=\"Ellipse_14\" data-name=\"Ellipse 14\" transform=\"translate(278 1644)\" fill=\"#fff\" stroke=\"#1e1e1e\" stroke-width=\"3\"><circle cx=\"77\" cy=\"77\" r=\"77\" stroke=\"none\"><\/circle><circle cx=\"77\" cy=\"77\" r=\"75.5\" fill=\"none\"><\/circle><\/g><g id=\"noun_music_studio_2141193\" data-name=\"noun_music studio_2141193\" transform=\"translate(316.922 1682.922)\"><path id=\"Trac&#xE9;_64\" data-name=\"Trac&#xE9; 64\" d=\"M75.82,39.009H74.073V18.373a.7.7,0,0,0-1.4,0V39.009H70.923a2.388,2.388,0,0,0-2.385,2.385v.949a2.387,2.387,0,0,0,2.385,2.384h1.747V62.357a.7.7,0,0,0,1.4,0V44.728H75.82A2.387,2.387,0,0,0,78.2,42.344v-.949A2.387,2.387,0,0,0,75.82,39.009Zm.98,3.334a.981.981,0,0,1-.981.98h-4.9a.981.981,0,0,1-.981-.98v-.949a.982.982,0,0,1,.981-.981h4.9a.982.982,0,0,1,.98.981Z\" transform=\"translate(-17.462 -2.286)\" fill=\"#e50a19\" stroke=\"#e50a19\" stroke-width=\"1\"><\/path><path id=\"Trac&#xE9;_65\" data-name=\"Trac&#xE9; 65\" d=\"M58.837,47.433H57.09V18.373a.7.7,0,0,0-1.4,0v29.06H53.94a2.387,2.387,0,0,0-2.384,2.385v.949a2.387,2.387,0,0,0,2.384,2.384h1.747v9.206a.7.7,0,0,0,1.4,0V53.151h1.747a2.387,2.387,0,0,0,2.385-2.384v-.949A2.388,2.388,0,0,0,58.837,47.433Zm.981,3.334a.981.981,0,0,1-.981.98h-4.9a.981.981,0,0,1-.98-.98v-.949a.982.982,0,0,1,.98-.981h4.9a.982.982,0,0,1,.981.981Z\" transform=\"translate(-12.4 -2.286)\" fill=\"#e50a19\" stroke=\"#e50a19\" stroke-width=\"1\"><\/path><path id=\"Trac&#xE9;_66\" data-name=\"Trac&#xE9; 66\" d=\"M41.855,39.009H40.108V18.373a.7.7,0,0,0-1.4,0V39.009H36.957a2.387,2.387,0,0,0-2.384,2.385v.949a2.387,2.387,0,0,0,2.384,2.384H38.7V62.357a.7.7,0,0,0,1.4,0V44.728h1.747a2.387,2.387,0,0,0,2.384-2.384v-.949A2.387,2.387,0,0,0,41.855,39.009Zm.98,3.334a.981.981,0,0,1-.98.98h-4.9a.981.981,0,0,1-.98-.98v-.949a.982.982,0,0,1,.98-.981h4.9a.982.982,0,0,1,.98.981Z\" transform=\"translate(-7.339 -2.286)\" fill=\"#e50a19\" stroke=\"#e50a19\" stroke-width=\"1\"><\/path><path id=\"Trac&#xE9;_67\" data-name=\"Trac&#xE9; 67\" d=\"M24.872,24.97H23.125v-6.6a.7.7,0,0,0-1.4,0v6.6H19.975a2.388,2.388,0,0,0-2.385,2.385V28.3a2.387,2.387,0,0,0,2.385,2.384h1.746V62.357a.7.7,0,0,0,1.4,0V30.689h1.747A2.387,2.387,0,0,0,27.256,28.3v-.949A2.388,2.388,0,0,0,24.872,24.97Zm.981,3.334a.981.981,0,0,1-.981.98h-4.9a.981.981,0,0,1-.981-.98v-.949a.982.982,0,0,1,.981-.981h4.9a.982.982,0,0,1,.981.981Z\" transform=\"translate(-2.277 -2.286)\" fill=\"#e50a19\" stroke=\"#e50a19\" stroke-width=\"1\"><\/path><path id=\"Trac&#xE9;_68\" data-name=\"Trac&#xE9; 68\" d=\"M62.462,10H13.593a3.648,3.648,0,0,0-3.644,3.644V62.513a3.648,3.648,0,0,0,3.644,3.644H62.462a3.648,3.648,0,0,0,3.644-3.644V13.644A3.648,3.648,0,0,0,62.462,10ZM64.7,62.513a2.243,2.243,0,0,1-2.24,2.24H13.593a2.243,2.243,0,0,1-2.24-2.24V13.644a2.243,2.243,0,0,1,2.24-2.24H62.462a2.243,2.243,0,0,1,2.24,2.24Z\" fill=\"#e50a19\" stroke=\"#e50a19\" stroke-width=\"1\"><\/path><\/g><\/g><\/svg>\t\t\t<\/div>\n\t\t<\/div>\n\t\t\t\t\t\t<\/div>\n\t\t\t\t<\/div>\n\t\t\t\t<div class=\"elementor-element elementor-element-18c6f70d elementor-invisible elementor-widget elementor-widget-text-editor\" data-id=\"18c6f70d\" data-element_type=\"widget\" data-e-type=\"widget\" data-settings=\"{&quot;_animation&quot;:&quot;fadeInUp&quot;,&quot;_animation_delay&quot;:500}\" data-widget_type=\"text-editor.default\">\n\t\t\t\t<div class=\"elementor-widget-container\">\n\t\t\t\t\t\t\t\t\t<h5 style=\"text-align: center;\"><span style=\"color: #e50a19;\"><strong>Duoson Multimedia<\/strong> also has studios available for <strong>virtual events<\/strong>. Completely equipped with the <strong>cutting edge of technology<\/strong>, our studios adapt to all your needs and requirements. <\/span><\/h5>\t\t\t\t\t\t\t\t<\/div>\n\t\t\t\t<\/div>\n\t\t\t\t\t<\/div>\n\t\t<\/div>\n\t\t\t\t\t<\/div>\n\t\t<\/section>\n\t\t\t\t<section class=\"elementor-section elementor-top-section elementor-element elementor-element-ab0d463 elementor-section-full_width elementor-section-content-middle elementor-section-height-default elementor-section-height-default\" data-id=\"ab0d463\" data-element_type=\"section\" data-e-type=\"section\" data-settings=\"{&quot;background_background&quot;:&quot;classic&quot;}\">\n\t\t\t\t\t\t\t<div class=\"elementor-background-overlay\"><\/div>\n\t\t\t\t\t\t\t<div class=\"elementor-container elementor-column-gap-no\">\n\t\t\t\t\t<div class=\"elementor-column elementor-col-50 elementor-top-column elementor-element elementor-element-b8aea04 elementor-hidden-mobile\" data-id=\"b8aea04\" data-element_type=\"column\" data-e-type=\"column\" data-settings=\"{&quot;background_background&quot;:&quot;classic&quot;}\">\n\t\t\t<div class=\"elementor-widget-wrap\">\n\t\t\t\t\t\t\t<\/div>\n\t\t<\/div>\n\t\t\t\t<div class=\"elementor-column elementor-col-50 elementor-top-column elementor-element elementor-element-7f9f992\" data-id=\"7f9f992\" data-element_type=\"column\" data-e-type=\"column\">\n\t\t\t<div class=\"elementor-widget-wrap elementor-element-populated\">\n\t\t\t\t\t\t<div class=\"elementor-element elementor-element-661e027 elementor-widget elementor-widget-text-editor\" data-id=\"661e027\" data-element_type=\"widget\" data-e-type=\"widget\" data-widget_type=\"text-editor.default\">\n\t\t\t\t<div class=\"elementor-widget-container\">\n\t\t\t\t\t\t\t\t\t<p>Product launches, press conferences, galas, award ceremonies, webcasts or employee meetings; the opportunities to hold a webcast event are numerous.<\/p><p>A webcast allows you to reach more people, while<strong> limiting the travel and accommodation expenses<\/strong> for your employees or customers.<\/p><p><strong>Duoson Multimedia<\/strong> and <strong>its experienced team<\/strong> will take care of the planning, organization and logistics of your event, always with the goal of making it a success!<\/p>\t\t\t\t\t\t\t\t<\/div>\n\t\t\t\t<\/div>\n\t\t\t\t\t<\/div>\n\t\t<\/div>\n\t\t\t\t\t<\/div>\n\t\t<\/section>\n\t\t\t\t<\/div>\n\t\t","protected":false},"excerpt":{"rendered":"<p>Duoson Multimedia also has studios available for virtual events. Completely equipped with the cutting edge of technology, our studios adapt to all your needs and requirements. Product launches, press conferences, galas, award ceremonies, webcasts or employee meetings; the opportunities to hold a webcast event are numerous. A webcast allows you to reach more people, while [&hellip;]<\/p>\n","protected":false},"author":1,"featured_media":0,"parent":0,"menu_order":0,"comment_status":"closed","ping_status":"closed","template":"","meta":{"site-sidebar-layout":"no-sidebar","site-content-layout":"page-builder","ast-site-content-layout":"default","site-content-style":"default","site-sidebar-style":"default","ast-global-header-display":"","ast-banner-title-visibility":"","ast-main-header-display":"disabled","ast-hfb-above-header-display":"","ast-hfb-below-header-display":"","ast-hfb-mobile-header-display":"disabled","site-post-title":"disabled","ast-breadcrumbs-content":"disabled","ast-featured-img":"disabled","footer-sml-layout":"disabled","ast-disable-related-posts":"","theme-transparent-header-meta":"default","adv-header-id-meta":"","stick-header-meta":"","header-above-stick-meta":"","header-main-stick-meta":"","header-below-stick-meta":"","astra-migrate-meta-layouts":"default","ast-page-background-enabled":"default","ast-page-background-meta":{"desktop":{"background-color":"","background-image":"","background-repeat":"repeat","background-position":"center center","background-size":"auto","background-attachment":"scroll","background-type":"","background-media":"","overlay-type":"","overlay-color":"","overlay-opacity":"","overlay-gradient":""},"tablet":{"background-color":"","background-image":"","background-repeat":"repeat","background-position":"center center","background-size":"auto","background-attachment":"scroll","background-type":"","background-media":"","overlay-type":"","overlay-color":"","overlay-opacity":"","overlay-gradient":""},"mobile":{"background-color":"","background-image":"","background-repeat":"repeat","background-position":"center center","background-size":"auto","background-attachment":"scroll","background-type":"","background-media":"","overlay-type":"","overlay-color":"","overlay-opacity":"","overlay-gradient":""}},"ast-content-background-meta":{"desktop":{"background-color":"var(--ast-global-color-5)","background-image":"","background-repeat":"repeat","background-position":"center center","background-size":"auto","background-attachment":"scroll","background-type":"","background-media":"","overlay-type":"","overlay-color":"","overlay-opacity":"","overlay-gradient":""},"tablet":{"background-color":"var(--ast-global-color-5)","background-image":"","background-repeat":"repeat","background-position":"center center","background-size":"auto","background-attachment":"scroll","background-type":"","background-media":"","overlay-type":"","overlay-color":"","overlay-opacity":"","overlay-gradient":""},"mobile":{"background-color":"var(--ast-global-color-5)","background-image":"","background-repeat":"repeat","background-position":"center center","background-size":"auto","background-attachment":"scroll","background-type":"","background-media":"","overlay-type":"","overlay-color":"","overlay-opacity":"","overlay-gradient":""}},"footnotes":""},"class_list":["post-1940","page","type-page","status-publish","hentry"],"yoast_head":"<!-- This site is optimized with the Yoast SEO plugin v27.4 - https:\/\/yoast.com\/product\/yoast-seo-wordpress\/ -->\n<title>Studios - Duoson Multimedia<\/title>\n<meta name=\"description\" content=\"Completely equipped with the cutting edge of technology, our studios adapt to all your needs and requirements. - Learn more!\" \/>\n<meta name=\"robots\" content=\"index, follow, max-snippet:-1, max-image-preview:large, max-video-preview:-1\" \/>\n<link rel=\"canonical\" href=\"https:\/\/duoson.com\/en\/studios\/\" \/>\n<meta property=\"og:locale\" content=\"en_US\" \/>\n<meta property=\"og:type\" content=\"article\" \/>\n<meta property=\"og:title\" content=\"Studios - Duoson Multimedia\" \/>\n<meta property=\"og:description\" content=\"Completely equipped with the cutting edge of technology, our studios adapt to all your needs and requirements. - Learn more!\" \/>\n<meta property=\"og:url\" content=\"https:\/\/duoson.com\/en\/studios\/\" \/>\n<meta property=\"og:site_name\" content=\"Duoson Multimedia\" \/>\n<meta property=\"article:modified_time\" content=\"2021-10-29T15:50:44+00:00\" \/>\n<meta property=\"og:image\" content=\"https:\/\/duoson.com\/wp-content\/uploads\/2021\/10\/Duoson-Multimedia-logo.jpg\" \/>\n\t<meta property=\"og:image:width\" content=\"1200\" \/>\n\t<meta property=\"og:image:height\" content=\"630\" \/>\n\t<meta property=\"og:image:type\" content=\"image\/jpeg\" \/>\n<meta name=\"twitter:card\" content=\"summary_large_image\" \/>\n<meta name=\"twitter:label1\" content=\"Est. reading time\" \/>\n\t<meta name=\"twitter:data1\" content=\"1 minute\" \/>\n<script type=\"application\/ld+json\" class=\"yoast-schema-graph\">{\"@context\":\"https:\\\/\\\/schema.org\",\"@graph\":[{\"@type\":\"WebPage\",\"@id\":\"https:\\\/\\\/duoson.com\\\/en\\\/studios\\\/\",\"url\":\"https:\\\/\\\/duoson.com\\\/en\\\/studios\\\/\",\"name\":\"Studios - Duoson Multimedia\",\"isPartOf\":{\"@id\":\"https:\\\/\\\/duoson.com\\\/en\\\/#website\"},\"datePublished\":\"2021-10-07T20:43:44+00:00\",\"dateModified\":\"2021-10-29T15:50:44+00:00\",\"description\":\"Completely equipped with the cutting edge of technology, our studios adapt to all your needs and requirements. - Learn more!\",\"breadcrumb\":{\"@id\":\"https:\\\/\\\/duoson.com\\\/en\\\/studios\\\/#breadcrumb\"},\"inLanguage\":\"en-US\",\"potentialAction\":[{\"@type\":\"ReadAction\",\"target\":[\"https:\\\/\\\/duoson.com\\\/en\\\/studios\\\/\"]}]},{\"@type\":\"BreadcrumbList\",\"@id\":\"https:\\\/\\\/duoson.com\\\/en\\\/studios\\\/#breadcrumb\",\"itemListElement\":[{\"@type\":\"ListItem\",\"position\":1,\"name\":\"Accueil\",\"item\":\"https:\\\/\\\/duoson.com\\\/en\\\/\"},{\"@type\":\"ListItem\",\"position\":2,\"name\":\"Studios\"}]},{\"@type\":\"WebSite\",\"@id\":\"https:\\\/\\\/duoson.com\\\/en\\\/#website\",\"url\":\"https:\\\/\\\/duoson.com\\\/en\\\/\",\"name\":\"Duoson Multimedia\",\"description\":\"Services audiovisuels \u00e9v\u00e9nementiels et interpr\u00e9tation simultan\u00e9e\",\"publisher\":{\"@id\":\"https:\\\/\\\/duoson.com\\\/en\\\/#organization\"},\"potentialAction\":[{\"@type\":\"SearchAction\",\"target\":{\"@type\":\"EntryPoint\",\"urlTemplate\":\"https:\\\/\\\/duoson.com\\\/en\\\/?s={search_term_string}\"},\"query-input\":{\"@type\":\"PropertyValueSpecification\",\"valueRequired\":true,\"valueName\":\"search_term_string\"}}],\"inLanguage\":\"en-US\"},{\"@type\":\"Organization\",\"@id\":\"https:\\\/\\\/duoson.com\\\/en\\\/#organization\",\"name\":\"Duoson Multimedia\",\"url\":\"https:\\\/\\\/duoson.com\\\/en\\\/\",\"logo\":{\"@type\":\"ImageObject\",\"inLanguage\":\"en-US\",\"@id\":\"https:\\\/\\\/duoson.com\\\/en\\\/#\\\/schema\\\/logo\\\/image\\\/\",\"url\":\"https:\\\/\\\/duoson.com\\\/wp-content\\\/uploads\\\/2021\\\/04\\\/logo-duoson.png\",\"contentUrl\":\"https:\\\/\\\/duoson.com\\\/wp-content\\\/uploads\\\/2021\\\/04\\\/logo-duoson.png\",\"width\":276,\"height\":79,\"caption\":\"Duoson Multimedia\"},\"image\":{\"@id\":\"https:\\\/\\\/duoson.com\\\/en\\\/#\\\/schema\\\/logo\\\/image\\\/\"}}]}<\/script>\n<!-- \/ Yoast SEO plugin. -->","yoast_head_json":{"title":"Studios - Duoson Multimedia","description":"Completely equipped with the cutting edge of technology, our studios adapt to all your needs and requirements. - Learn more!","robots":{"index":"index","follow":"follow","max-snippet":"max-snippet:-1","max-image-preview":"max-image-preview:large","max-video-preview":"max-video-preview:-1"},"canonical":"https:\/\/duoson.com\/en\/studios\/","og_locale":"en_US","og_type":"article","og_title":"Studios - Duoson Multimedia","og_description":"Completely equipped with the cutting edge of technology, our studios adapt to all your needs and requirements. - Learn more!","og_url":"https:\/\/duoson.com\/en\/studios\/","og_site_name":"Duoson Multimedia","article_modified_time":"2021-10-29T15:50:44+00:00","og_image":[{"width":1200,"height":630,"url":"https:\/\/duoson.com\/wp-content\/uploads\/2021\/10\/Duoson-Multimedia-logo.jpg","type":"image\/jpeg"}],"twitter_card":"summary_large_image","twitter_misc":{"Est. reading time":"1 minute"},"schema":{"@context":"https:\/\/schema.org","@graph":[{"@type":"WebPage","@id":"https:\/\/duoson.com\/en\/studios\/","url":"https:\/\/duoson.com\/en\/studios\/","name":"Studios - Duoson Multimedia","isPartOf":{"@id":"https:\/\/duoson.com\/en\/#website"},"datePublished":"2021-10-07T20:43:44+00:00","dateModified":"2021-10-29T15:50:44+00:00","description":"Completely equipped with the cutting edge of technology, our studios adapt to all your needs and requirements. - Learn more!","breadcrumb":{"@id":"https:\/\/duoson.com\/en\/studios\/#breadcrumb"},"inLanguage":"en-US","potentialAction":[{"@type":"ReadAction","target":["https:\/\/duoson.com\/en\/studios\/"]}]},{"@type":"BreadcrumbList","@id":"https:\/\/duoson.com\/en\/studios\/#breadcrumb","itemListElement":[{"@type":"ListItem","position":1,"name":"Accueil","item":"https:\/\/duoson.com\/en\/"},{"@type":"ListItem","position":2,"name":"Studios"}]},{"@type":"WebSite","@id":"https:\/\/duoson.com\/en\/#website","url":"https:\/\/duoson.com\/en\/","name":"Duoson Multimedia","description":"Services audiovisuels \u00e9v\u00e9nementiels et interpr\u00e9tation simultan\u00e9e","publisher":{"@id":"https:\/\/duoson.com\/en\/#organization"},"potentialAction":[{"@type":"SearchAction","target":{"@type":"EntryPoint","urlTemplate":"https:\/\/duoson.com\/en\/?s={search_term_string}"},"query-input":{"@type":"PropertyValueSpecification","valueRequired":true,"valueName":"search_term_string"}}],"inLanguage":"en-US"},{"@type":"Organization","@id":"https:\/\/duoson.com\/en\/#organization","name":"Duoson Multimedia","url":"https:\/\/duoson.com\/en\/","logo":{"@type":"ImageObject","inLanguage":"en-US","@id":"https:\/\/duoson.com\/en\/#\/schema\/logo\/image\/","url":"https:\/\/duoson.com\/wp-content\/uploads\/2021\/04\/logo-duoson.png","contentUrl":"https:\/\/duoson.com\/wp-content\/uploads\/2021\/04\/logo-duoson.png","width":276,"height":79,"caption":"Duoson Multimedia"},"image":{"@id":"https:\/\/duoson.com\/en\/#\/schema\/logo\/image\/"}}]}},"_links":{"self":[{"href":"https:\/\/duoson.com\/en\/wp-json\/wp\/v2\/pages\/1940","targetHints":{"allow":["GET"]}}],"collection":[{"href":"https:\/\/duoson.com\/en\/wp-json\/wp\/v2\/pages"}],"about":[{"href":"https:\/\/duoson.com\/en\/wp-json\/wp\/v2\/types\/page"}],"author":[{"embeddable":true,"href":"https:\/\/duoson.com\/en\/wp-json\/wp\/v2\/users\/1"}],"replies":[{"embeddable":true,"href":"https:\/\/duoson.com\/en\/wp-json\/wp\/v2\/comments?post=1940"}],"version-history":[{"count":12,"href":"https:\/\/duoson.com\/en\/wp-json\/wp\/v2\/pages\/1940\/revisions"}],"predecessor-version":[{"id":2797,"href":"https:\/\/duoson.com\/en\/wp-json\/wp\/v2\/pages\/1940\/revisions\/2797"}],"wp:attachment":[{"href":"https:\/\/duoson.com\/en\/wp-json\/wp\/v2\/media?parent=1940"}],"curies":[{"name":"wp","href":"https:\/\/api.w.org\/{rel}","templated":true}]}}