{"id":2007,"date":"2021-10-08T10:08:34","date_gmt":"2021-10-08T14:08:34","guid":{"rendered":"https:\/\/duosondev.adnhosting.ca\/?page_id=2007"},"modified":"2025-01-27T09:36:10","modified_gmt":"2025-01-27T14:36:10","slug":"mission-vision-and-values","status":"publish","type":"page","link":"https:\/\/duoson.com\/en\/mission-vision-and-values\/","title":{"rendered":"Mission, vision and values"},"content":{"rendered":"\t\t<div data-elementor-type=\"wp-page\" data-elementor-id=\"2007\" class=\"elementor elementor-2007 elementor-317\" data-elementor-post-type=\"page\">\n\t\t\t\t\t\t<section class=\"elementor-section elementor-top-section elementor-element elementor-element-57788ed3 elementor-section-height-min-height elementor-section-items-bottom elementor-section-content-bottom elementor-section-full_width elementor-section-height-default\" data-id=\"57788ed3\" data-element_type=\"section\" data-e-type=\"section\" data-settings=\"{&quot;background_background&quot;:&quot;classic&quot;}\">\n\t\t\t\t\t\t\t<div class=\"elementor-background-overlay\"><\/div>\n\t\t\t\t\t\t\t<div class=\"elementor-container elementor-column-gap-no\">\n\t\t\t\t\t<div class=\"elementor-column elementor-col-100 elementor-top-column elementor-element elementor-element-3a3dae45\" data-id=\"3a3dae45\" data-element_type=\"column\" data-e-type=\"column\">\n\t\t\t<div class=\"elementor-widget-wrap elementor-element-populated\">\n\t\t\t\t\t\t<div class=\"elementor-element elementor-element-172620e4 spin elementor-absolute elementor-hidden-tablet elementor-hidden-phone elementor-view-default elementor-widget elementor-widget-icon\" data-id=\"172620e4\" data-element_type=\"widget\" data-e-type=\"widget\" data-settings=\"{&quot;_position&quot;:&quot;absolute&quot;}\" data-widget_type=\"icon.default\">\n\t\t\t\t<div class=\"elementor-widget-container\">\n\t\t\t\t\t\t\t<div class=\"elementor-icon-wrapper\">\n\t\t\t<div class=\"elementor-icon\">\n\t\t\t<svg xmlns=\"http:\/\/www.w3.org\/2000\/svg\" width=\"452\" height=\"452\" viewBox=\"0 0 452 452\"><g id=\"Ellipse_5\" data-name=\"Ellipse 5\" transform=\"translate(0 452) rotate(-90)\" fill=\"none\" stroke=\"#e50a19\" stroke-width=\"4\" stroke-dasharray=\"4 10\"><circle cx=\"226\" cy=\"226\" r=\"226\" stroke=\"none\"><\/circle><circle cx=\"226\" cy=\"226\" r=\"224\" fill=\"none\"><\/circle><\/g><\/svg>\t\t\t<\/div>\n\t\t<\/div>\n\t\t\t\t\t\t<\/div>\n\t\t\t\t<\/div>\n\t\t\t\t\t<\/div>\n\t\t<\/div>\n\t\t\t\t\t<\/div>\n\t\t<\/section>\n\t\t\t\t<section class=\"elementor-section elementor-top-section elementor-element elementor-element-769bcad elementor-section-boxed elementor-section-height-default elementor-section-height-default\" data-id=\"769bcad\" data-element_type=\"section\" data-e-type=\"section\">\n\t\t\t\t\t\t<div class=\"elementor-container elementor-column-gap-default\">\n\t\t\t\t\t<div class=\"elementor-column elementor-col-100 elementor-top-column elementor-element elementor-element-107b813\" data-id=\"107b813\" data-element_type=\"column\" data-e-type=\"column\">\n\t\t\t<div class=\"elementor-widget-wrap elementor-element-populated\">\n\t\t\t\t\t\t<div class=\"elementor-element elementor-element-9fd9666 elementor-widget elementor-widget-image\" data-id=\"9fd9666\" data-element_type=\"widget\" data-e-type=\"widget\" data-widget_type=\"image.default\">\n\t\t\t\t<div class=\"elementor-widget-container\">\n\t\t\t\t\t\t\t\t\t\t\t\t\t\t\t<img fetchpriority=\"high\" decoding=\"async\" width=\"760\" height=\"89\" src=\"https:\/\/duoson.com\/wp-content\/uploads\/2021\/10\/our-mission.png\" class=\"attachment-large size-large wp-image-2145\" alt=\"Duoson Multimedia - Our mission\" srcset=\"https:\/\/duoson.com\/wp-content\/uploads\/2021\/10\/our-mission.png 760w, https:\/\/duoson.com\/wp-content\/uploads\/2021\/10\/our-mission-300x35.png 300w\" sizes=\"(max-width: 760px) 100vw, 760px\" \/>\t\t\t\t\t\t\t\t\t\t\t\t\t\t\t<\/div>\n\t\t\t\t<\/div>\n\t\t\t\t<div class=\"elementor-element elementor-element-0fa56c1 elementor-invisible elementor-widget elementor-widget-heading\" data-id=\"0fa56c1\" data-element_type=\"widget\" data-e-type=\"widget\" data-settings=\"{&quot;_animation&quot;:&quot;fadeInRight&quot;,&quot;_animation_delay&quot;:250}\" data-widget_type=\"heading.default\">\n\t\t\t\t<div class=\"elementor-widget-container\">\n\t\t\t\t\t<h2 class=\"elementor-heading-title elementor-size-default\">Our mission<\/h2>\t\t\t\t<\/div>\n\t\t\t\t<\/div>\n\t\t\t\t<div class=\"elementor-element elementor-element-8d9a6cd elementor-widget elementor-widget-text-editor\" data-id=\"8d9a6cd\" data-element_type=\"widget\" data-e-type=\"widget\" data-widget_type=\"text-editor.default\">\n\t\t\t\t<div class=\"elementor-widget-container\">\n\t\t\t\t\t\t\t\t\t<p>Duoson Multimedia is your audiovisual partner dedicated to the success of your event.<\/p>\t\t\t\t\t\t\t\t<\/div>\n\t\t\t\t<\/div>\n\t\t\t\t<section class=\"elementor-section elementor-inner-section elementor-element elementor-element-6891a48 elementor-section-full_width elementor-section-height-default elementor-section-height-default\" data-id=\"6891a48\" data-element_type=\"section\" data-e-type=\"section\">\n\t\t\t\t\t\t<div class=\"elementor-container elementor-column-gap-no\">\n\t\t\t\t\t<div class=\"elementor-column elementor-col-50 elementor-inner-column elementor-element elementor-element-d7865e9\" data-id=\"d7865e9\" data-element_type=\"column\" data-e-type=\"column\">\n\t\t\t<div class=\"elementor-widget-wrap elementor-element-populated\">\n\t\t\t\t\t\t<div class=\"elementor-element elementor-element-9f6c8cc elementor-widget elementor-widget-image\" data-id=\"9f6c8cc\" data-element_type=\"widget\" data-e-type=\"widget\" data-widget_type=\"image.default\">\n\t\t\t\t<div class=\"elementor-widget-container\">\n\t\t\t\t\t\t\t\t\t\t\t\t\t\t\t<img decoding=\"async\" width=\"644\" height=\"89\" src=\"https:\/\/duoson.com\/wp-content\/uploads\/2021\/10\/our-vision.png\" class=\"attachment-large size-large wp-image-2148\" alt=\"Duoson Multimedia - Our vision\" srcset=\"https:\/\/duoson.com\/wp-content\/uploads\/2021\/10\/our-vision.png 644w, https:\/\/duoson.com\/wp-content\/uploads\/2021\/10\/our-vision-300x41.png 300w\" sizes=\"(max-width: 644px) 100vw, 644px\" \/>\t\t\t\t\t\t\t\t\t\t\t\t\t\t\t<\/div>\n\t\t\t\t<\/div>\n\t\t\t\t<div class=\"elementor-element elementor-element-9452fe5 elementor-invisible elementor-widget elementor-widget-heading\" data-id=\"9452fe5\" data-element_type=\"widget\" data-e-type=\"widget\" data-settings=\"{&quot;_animation&quot;:&quot;fadeInRight&quot;,&quot;_animation_delay&quot;:250}\" data-widget_type=\"heading.default\">\n\t\t\t\t<div class=\"elementor-widget-container\">\n\t\t\t\t\t<h3 class=\"elementor-heading-title elementor-size-default\">Our vision<\/h3>\t\t\t\t<\/div>\n\t\t\t\t<\/div>\n\t\t\t\t<div class=\"elementor-element elementor-element-e9ace19 elementor-widget elementor-widget-text-editor\" data-id=\"e9ace19\" data-element_type=\"widget\" data-e-type=\"widget\" data-widget_type=\"text-editor.default\">\n\t\t\t\t<div class=\"elementor-widget-container\">\n\t\t\t\t\t\t\t\t\t<p>To deliver exceptional audiovisual services recognized nationwide<strong>.<\/strong><\/p>\t\t\t\t\t\t\t\t<\/div>\n\t\t\t\t<\/div>\n\t\t\t\t\t<\/div>\n\t\t<\/div>\n\t\t\t\t<div class=\"elementor-column elementor-col-50 elementor-inner-column elementor-element elementor-element-68fec41\" data-id=\"68fec41\" data-element_type=\"column\" data-e-type=\"column\">\n\t\t\t<div class=\"elementor-widget-wrap elementor-element-populated\">\n\t\t\t\t\t\t<div class=\"elementor-element elementor-element-c160348 elementor-widget elementor-widget-image\" data-id=\"c160348\" data-element_type=\"widget\" data-e-type=\"widget\" data-widget_type=\"image.default\">\n\t\t\t\t<div class=\"elementor-widget-container\">\n\t\t\t\t\t\t\t\t\t\t\t\t\t\t\t<img decoding=\"async\" width=\"680\" height=\"89\" src=\"https:\/\/duoson.com\/wp-content\/uploads\/2021\/10\/values.png\" class=\"attachment-large size-large wp-image-2150\" alt=\"Duoson Multimedia - Values\" srcset=\"https:\/\/duoson.com\/wp-content\/uploads\/2021\/10\/values.png 680w, https:\/\/duoson.com\/wp-content\/uploads\/2021\/10\/values-300x39.png 300w\" sizes=\"(max-width: 680px) 100vw, 680px\" \/>\t\t\t\t\t\t\t\t\t\t\t\t\t\t\t<\/div>\n\t\t\t\t<\/div>\n\t\t\t\t<div class=\"elementor-element elementor-element-5ce4e830 elementor-invisible elementor-widget elementor-widget-heading\" data-id=\"5ce4e830\" data-element_type=\"widget\" data-e-type=\"widget\" data-settings=\"{&quot;_animation&quot;:&quot;fadeInRight&quot;,&quot;_animation_delay&quot;:250}\" data-widget_type=\"heading.default\">\n\t\t\t\t<div class=\"elementor-widget-container\">\n\t\t\t\t\t<h3 class=\"elementor-heading-title elementor-size-default\">Our values<\/h3>\t\t\t\t<\/div>\n\t\t\t\t<\/div>\n\t\t\t\t<div class=\"elementor-element elementor-element-32a512f elementor-align-start elementor-icon-list--layout-traditional elementor-list-item-link-full_width elementor-widget elementor-widget-icon-list\" data-id=\"32a512f\" data-element_type=\"widget\" data-e-type=\"widget\" data-widget_type=\"icon-list.default\">\n\t\t\t\t<div class=\"elementor-widget-container\">\n\t\t\t\t\t\t\t<ul class=\"elementor-icon-list-items\">\n\t\t\t\t\t\t\t<li class=\"elementor-icon-list-item\">\n\t\t\t\t\t\t\t\t\t\t<span class=\"elementor-icon-list-text\">Harmony<\/span>\n\t\t\t\t\t\t\t\t\t<\/li>\n\t\t\t\t\t\t\t\t<li class=\"elementor-icon-list-item\">\n\t\t\t\t\t\t\t\t\t\t<span class=\"elementor-icon-list-text\">Quality<\/span>\n\t\t\t\t\t\t\t\t\t<\/li>\n\t\t\t\t\t\t\t\t<li class=\"elementor-icon-list-item\">\n\t\t\t\t\t\t\t\t\t\t<span class=\"elementor-icon-list-text\">Integrity<\/span>\n\t\t\t\t\t\t\t\t\t<\/li>\n\t\t\t\t\t\t\t\t<li class=\"elementor-icon-list-item\">\n\t\t\t\t\t\t\t\t\t\t<span class=\"elementor-icon-list-text\">Discretion<\/span>\n\t\t\t\t\t\t\t\t\t<\/li>\n\t\t\t\t\t\t\t\t<li class=\"elementor-icon-list-item\">\n\t\t\t\t\t\t\t\t\t\t<span class=\"elementor-icon-list-text\">Loyalty<\/span>\n\t\t\t\t\t\t\t\t\t<\/li>\n\t\t\t\t\t\t<\/ul>\n\t\t\t\t\t\t<\/div>\n\t\t\t\t<\/div>\n\t\t\t\t\t<\/div>\n\t\t<\/div>\n\t\t\t\t\t<\/div>\n\t\t<\/section>\n\t\t\t\t\t<\/div>\n\t\t<\/div>\n\t\t\t\t\t<\/div>\n\t\t<\/section>\n\t\t\t\t<\/div>\n\t\t","protected":false},"excerpt":{"rendered":"<p>Our mission Duoson Multimedia is your audiovisual partner dedicated to the success of your event. Our vision To deliver exceptional audiovisual services recognized nationwide. Our values Harmony Quality Integrity Discretion Loyalty<\/p>\n","protected":false},"author":1,"featured_media":0,"parent":0,"menu_order":0,"comment_status":"closed","ping_status":"closed","template":"","meta":{"site-sidebar-layout":"no-sidebar","site-content-layout":"page-builder","ast-site-content-layout":"default","site-content-style":"default","site-sidebar-style":"default","ast-global-header-display":"","ast-banner-title-visibility":"","ast-main-header-display":"disabled","ast-hfb-above-header-display":"","ast-hfb-below-header-display":"","ast-hfb-mobile-header-display":"disabled","site-post-title":"disabled","ast-breadcrumbs-content":"disabled","ast-featured-img":"disabled","footer-sml-layout":"disabled","ast-disable-related-posts":"","theme-transparent-header-meta":"default","adv-header-id-meta":"","stick-header-meta":"","header-above-stick-meta":"","header-main-stick-meta":"","header-below-stick-meta":"","astra-migrate-meta-layouts":"default","ast-page-background-enabled":"default","ast-page-background-meta":{"desktop":{"background-color":"","background-image":"","background-repeat":"repeat","background-position":"center center","background-size":"auto","background-attachment":"scroll","background-type":"","background-media":"","overlay-type":"","overlay-color":"","overlay-opacity":"","overlay-gradient":""},"tablet":{"background-color":"","background-image":"","background-repeat":"repeat","background-position":"center center","background-size":"auto","background-attachment":"scroll","background-type":"","background-media":"","overlay-type":"","overlay-color":"","overlay-opacity":"","overlay-gradient":""},"mobile":{"background-color":"","background-image":"","background-repeat":"repeat","background-position":"center center","background-size":"auto","background-attachment":"scroll","background-type":"","background-media":"","overlay-type":"","overlay-color":"","overlay-opacity":"","overlay-gradient":""}},"ast-content-background-meta":{"desktop":{"background-color":"var(--ast-global-color-5)","background-image":"","background-repeat":"repeat","background-position":"center center","background-size":"auto","background-attachment":"scroll","background-type":"","background-media":"","overlay-type":"","overlay-color":"","overlay-opacity":"","overlay-gradient":""},"tablet":{"background-color":"var(--ast-global-color-5)","background-image":"","background-repeat":"repeat","background-position":"center center","background-size":"auto","background-attachment":"scroll","background-type":"","background-media":"","overlay-type":"","overlay-color":"","overlay-opacity":"","overlay-gradient":""},"mobile":{"background-color":"var(--ast-global-color-5)","background-image":"","background-repeat":"repeat","background-position":"center center","background-size":"auto","background-attachment":"scroll","background-type":"","background-media":"","overlay-type":"","overlay-color":"","overlay-opacity":"","overlay-gradient":""}},"footnotes":""},"class_list":["post-2007","page","type-page","status-publish","hentry"],"yoast_head":"<!-- This site is optimized with the Yoast SEO plugin v27.4 - https:\/\/yoast.com\/product\/yoast-seo-wordpress\/ -->\n<title>Mission, vision and values - Duoson Multimedia<\/title>\n<meta name=\"description\" content=\"Duoson wants to offer the best service to our clients by sending the proper equipment along with the best trained technicians.\" \/>\n<meta name=\"robots\" content=\"index, follow, max-snippet:-1, max-image-preview:large, max-video-preview:-1\" \/>\n<link rel=\"canonical\" href=\"https:\/\/duoson.com\/en\/mission-vision-and-values\/\" \/>\n<meta property=\"og:locale\" content=\"en_US\" \/>\n<meta property=\"og:type\" content=\"article\" \/>\n<meta property=\"og:title\" content=\"Mission, vision and values - Duoson Multimedia\" \/>\n<meta property=\"og:description\" content=\"Duoson wants to offer the best service to our clients by sending the proper equipment along with the best trained technicians.\" \/>\n<meta property=\"og:url\" content=\"https:\/\/duoson.com\/en\/mission-vision-and-values\/\" \/>\n<meta property=\"og:site_name\" content=\"Duoson Multimedia\" \/>\n<meta property=\"article:modified_time\" content=\"2025-01-27T14:36:10+00:00\" \/>\n<meta property=\"og:image\" content=\"https:\/\/duoson.com\/wp-content\/uploads\/2021\/10\/our-mission.png\" \/>\n\t<meta property=\"og:image:width\" content=\"760\" \/>\n\t<meta property=\"og:image:height\" content=\"89\" \/>\n\t<meta property=\"og:image:type\" content=\"image\/png\" \/>\n<meta name=\"twitter:card\" content=\"summary_large_image\" \/>\n<meta name=\"twitter:label1\" content=\"Est. reading time\" \/>\n\t<meta name=\"twitter:data1\" content=\"1 minute\" \/>\n<script type=\"application\/ld+json\" class=\"yoast-schema-graph\">{\"@context\":\"https:\\\/\\\/schema.org\",\"@graph\":[{\"@type\":\"WebPage\",\"@id\":\"https:\\\/\\\/duoson.com\\\/en\\\/mission-vision-and-values\\\/\",\"url\":\"https:\\\/\\\/duoson.com\\\/en\\\/mission-vision-and-values\\\/\",\"name\":\"Mission, vision and values - Duoson Multimedia\",\"isPartOf\":{\"@id\":\"https:\\\/\\\/duoson.com\\\/en\\\/#website\"},\"primaryImageOfPage\":{\"@id\":\"https:\\\/\\\/duoson.com\\\/en\\\/mission-vision-and-values\\\/#primaryimage\"},\"image\":{\"@id\":\"https:\\\/\\\/duoson.com\\\/en\\\/mission-vision-and-values\\\/#primaryimage\"},\"thumbnailUrl\":\"https:\\\/\\\/duoson.com\\\/wp-content\\\/uploads\\\/2021\\\/10\\\/our-mission.png\",\"datePublished\":\"2021-10-08T14:08:34+00:00\",\"dateModified\":\"2025-01-27T14:36:10+00:00\",\"description\":\"Duoson wants to offer the best service to our clients by sending the proper equipment along with the best trained technicians.\",\"breadcrumb\":{\"@id\":\"https:\\\/\\\/duoson.com\\\/en\\\/mission-vision-and-values\\\/#breadcrumb\"},\"inLanguage\":\"en-US\",\"potentialAction\":[{\"@type\":\"ReadAction\",\"target\":[\"https:\\\/\\\/duoson.com\\\/en\\\/mission-vision-and-values\\\/\"]}]},{\"@type\":\"ImageObject\",\"inLanguage\":\"en-US\",\"@id\":\"https:\\\/\\\/duoson.com\\\/en\\\/mission-vision-and-values\\\/#primaryimage\",\"url\":\"https:\\\/\\\/duoson.com\\\/wp-content\\\/uploads\\\/2021\\\/10\\\/our-mission.png\",\"contentUrl\":\"https:\\\/\\\/duoson.com\\\/wp-content\\\/uploads\\\/2021\\\/10\\\/our-mission.png\"},{\"@type\":\"BreadcrumbList\",\"@id\":\"https:\\\/\\\/duoson.com\\\/en\\\/mission-vision-and-values\\\/#breadcrumb\",\"itemListElement\":[{\"@type\":\"ListItem\",\"position\":1,\"name\":\"Accueil\",\"item\":\"https:\\\/\\\/duoson.com\\\/en\\\/\"},{\"@type\":\"ListItem\",\"position\":2,\"name\":\"Mission, vision and values\"}]},{\"@type\":\"WebSite\",\"@id\":\"https:\\\/\\\/duoson.com\\\/en\\\/#website\",\"url\":\"https:\\\/\\\/duoson.com\\\/en\\\/\",\"name\":\"Duoson Multimedia\",\"description\":\"Services audiovisuels \u00e9v\u00e9nementiels et interpr\u00e9tation simultan\u00e9e\",\"publisher\":{\"@id\":\"https:\\\/\\\/duoson.com\\\/en\\\/#organization\"},\"potentialAction\":[{\"@type\":\"SearchAction\",\"target\":{\"@type\":\"EntryPoint\",\"urlTemplate\":\"https:\\\/\\\/duoson.com\\\/en\\\/?s={search_term_string}\"},\"query-input\":{\"@type\":\"PropertyValueSpecification\",\"valueRequired\":true,\"valueName\":\"search_term_string\"}}],\"inLanguage\":\"en-US\"},{\"@type\":\"Organization\",\"@id\":\"https:\\\/\\\/duoson.com\\\/en\\\/#organization\",\"name\":\"Duoson Multimedia\",\"url\":\"https:\\\/\\\/duoson.com\\\/en\\\/\",\"logo\":{\"@type\":\"ImageObject\",\"inLanguage\":\"en-US\",\"@id\":\"https:\\\/\\\/duoson.com\\\/en\\\/#\\\/schema\\\/logo\\\/image\\\/\",\"url\":\"https:\\\/\\\/duoson.com\\\/wp-content\\\/uploads\\\/2021\\\/04\\\/logo-duoson.png\",\"contentUrl\":\"https:\\\/\\\/duoson.com\\\/wp-content\\\/uploads\\\/2021\\\/04\\\/logo-duoson.png\",\"width\":276,\"height\":79,\"caption\":\"Duoson Multimedia\"},\"image\":{\"@id\":\"https:\\\/\\\/duoson.com\\\/en\\\/#\\\/schema\\\/logo\\\/image\\\/\"}}]}<\/script>\n<!-- \/ Yoast SEO plugin. -->","yoast_head_json":{"title":"Mission, vision and values - Duoson Multimedia","description":"Duoson wants to offer the best service to our clients by sending the proper equipment along with the best trained technicians.","robots":{"index":"index","follow":"follow","max-snippet":"max-snippet:-1","max-image-preview":"max-image-preview:large","max-video-preview":"max-video-preview:-1"},"canonical":"https:\/\/duoson.com\/en\/mission-vision-and-values\/","og_locale":"en_US","og_type":"article","og_title":"Mission, vision and values - Duoson Multimedia","og_description":"Duoson wants to offer the best service to our clients by sending the proper equipment along with the best trained technicians.","og_url":"https:\/\/duoson.com\/en\/mission-vision-and-values\/","og_site_name":"Duoson Multimedia","article_modified_time":"2025-01-27T14:36:10+00:00","og_image":[{"width":760,"height":89,"url":"https:\/\/duoson.com\/wp-content\/uploads\/2021\/10\/our-mission.png","type":"image\/png"}],"twitter_card":"summary_large_image","twitter_misc":{"Est. reading time":"1 minute"},"schema":{"@context":"https:\/\/schema.org","@graph":[{"@type":"WebPage","@id":"https:\/\/duoson.com\/en\/mission-vision-and-values\/","url":"https:\/\/duoson.com\/en\/mission-vision-and-values\/","name":"Mission, vision and values - Duoson Multimedia","isPartOf":{"@id":"https:\/\/duoson.com\/en\/#website"},"primaryImageOfPage":{"@id":"https:\/\/duoson.com\/en\/mission-vision-and-values\/#primaryimage"},"image":{"@id":"https:\/\/duoson.com\/en\/mission-vision-and-values\/#primaryimage"},"thumbnailUrl":"https:\/\/duoson.com\/wp-content\/uploads\/2021\/10\/our-mission.png","datePublished":"2021-10-08T14:08:34+00:00","dateModified":"2025-01-27T14:36:10+00:00","description":"Duoson wants to offer the best service to our clients by sending the proper equipment along with the best trained technicians.","breadcrumb":{"@id":"https:\/\/duoson.com\/en\/mission-vision-and-values\/#breadcrumb"},"inLanguage":"en-US","potentialAction":[{"@type":"ReadAction","target":["https:\/\/duoson.com\/en\/mission-vision-and-values\/"]}]},{"@type":"ImageObject","inLanguage":"en-US","@id":"https:\/\/duoson.com\/en\/mission-vision-and-values\/#primaryimage","url":"https:\/\/duoson.com\/wp-content\/uploads\/2021\/10\/our-mission.png","contentUrl":"https:\/\/duoson.com\/wp-content\/uploads\/2021\/10\/our-mission.png"},{"@type":"BreadcrumbList","@id":"https:\/\/duoson.com\/en\/mission-vision-and-values\/#breadcrumb","itemListElement":[{"@type":"ListItem","position":1,"name":"Accueil","item":"https:\/\/duoson.com\/en\/"},{"@type":"ListItem","position":2,"name":"Mission, vision and values"}]},{"@type":"WebSite","@id":"https:\/\/duoson.com\/en\/#website","url":"https:\/\/duoson.com\/en\/","name":"Duoson Multimedia","description":"Services audiovisuels \u00e9v\u00e9nementiels et interpr\u00e9tation simultan\u00e9e","publisher":{"@id":"https:\/\/duoson.com\/en\/#organization"},"potentialAction":[{"@type":"SearchAction","target":{"@type":"EntryPoint","urlTemplate":"https:\/\/duoson.com\/en\/?s={search_term_string}"},"query-input":{"@type":"PropertyValueSpecification","valueRequired":true,"valueName":"search_term_string"}}],"inLanguage":"en-US"},{"@type":"Organization","@id":"https:\/\/duoson.com\/en\/#organization","name":"Duoson Multimedia","url":"https:\/\/duoson.com\/en\/","logo":{"@type":"ImageObject","inLanguage":"en-US","@id":"https:\/\/duoson.com\/en\/#\/schema\/logo\/image\/","url":"https:\/\/duoson.com\/wp-content\/uploads\/2021\/04\/logo-duoson.png","contentUrl":"https:\/\/duoson.com\/wp-content\/uploads\/2021\/04\/logo-duoson.png","width":276,"height":79,"caption":"Duoson Multimedia"},"image":{"@id":"https:\/\/duoson.com\/en\/#\/schema\/logo\/image\/"}}]}},"_links":{"self":[{"href":"https:\/\/duoson.com\/en\/wp-json\/wp\/v2\/pages\/2007","targetHints":{"allow":["GET"]}}],"collection":[{"href":"https:\/\/duoson.com\/en\/wp-json\/wp\/v2\/pages"}],"about":[{"href":"https:\/\/duoson.com\/en\/wp-json\/wp\/v2\/types\/page"}],"author":[{"embeddable":true,"href":"https:\/\/duoson.com\/en\/wp-json\/wp\/v2\/users\/1"}],"replies":[{"embeddable":true,"href":"https:\/\/duoson.com\/en\/wp-json\/wp\/v2\/comments?post=2007"}],"version-history":[{"count":15,"href":"https:\/\/duoson.com\/en\/wp-json\/wp\/v2\/pages\/2007\/revisions"}],"predecessor-version":[{"id":3266,"href":"https:\/\/duoson.com\/en\/wp-json\/wp\/v2\/pages\/2007\/revisions\/3266"}],"wp:attachment":[{"href":"https:\/\/duoson.com\/en\/wp-json\/wp\/v2\/media?parent=2007"}],"curies":[{"name":"wp","href":"https:\/\/api.w.org\/{rel}","templated":true}]}}